{"id":2262,"date":"2025-08-28T11:59:12","date_gmt":"2025-08-28T11:59:12","guid":{"rendered":"https:\/\/keramikkhjornet.no\/?post_type=product&#038;p=2262"},"modified":"2025-08-28T12:21:56","modified_gmt":"2025-08-28T12:21:56","slug":"handlaget-nerikomi-keramikkopp","status":"publish","type":"product","link":"https:\/\/keramikkhjornet.no\/en\/product\/handlaget-nerikomi-keramikkopp\/","title":{"rendered":"Handmade nerikomi mug"},"content":{"rendered":"<p data-start=\"96\" data-end=\"545\">Handmade ceramic mug, approx. 150 ml. This unique mug is crafted using the <strong data-start=\"176\" data-end=\"198\">nerikomi technique<\/strong>, where different colored clays are layered and shaped into beautiful patterns that run through the entire piece \u2013 not just the surface. The result is an organic and vibrant look with natural tones and textures. Perfect for espresso, tea, or other small hot beverages. Each mug is truly one of a kind, carrying its own character of craftsmanship and artistic expression.<\/p>\n<p>Please wash by hand.<\/p>\n<p>Alle koppene er laget med stor kj\u00e6rlighet i verkstedet mitt i Vollen, et lite tettsted ved Oslofjorden. Se mer p\u00e5 Instagram <a href=\"https:\/\/www.instagram.com\/keramikkhjornet\/\" target=\"_blank\" rel=\"noopener\">@keramikkhjornet<\/a>.<\/p>\n<p>PACKAGING: Packing ceramics requires careful wrapping to prevent damage. I use new paper and string to wrap the ceramics, and reuse boxes and protective materials to reduce waste.<\/p>\n<p>Feel free to get in touch if you\u2019d like more information at keramikkhjornet@gmail.com.<\/p>\n<p data-start=\"497\" data-end=\"904\">","protected":false},"excerpt":{"rendered":"<p>Handmade ceramic mug, approx. 150 ml. This unique mug is crafted using the <strong data-start=\"176\" data-end=\"198\">nerikomi technique<\/strong>, hvor ulike fargede leirer blandes og formes til vakre m\u00f8nstre som g\u00e5r gjennom hele materialet \u2013 ikke bare p\u00e5 overflaten.<\/p>","protected":false},"featured_media":2263,"comment_status":"open","ping_status":"closed","template":"","meta":[],"product_brand":[],"product_cat":[35],"product_tag":[56],"class_list":{"0":"post-2262","1":"product","2":"type-product","3":"status-publish","4":"has-post-thumbnail","6":"product_cat-keramikk","7":"product_tag-handlaget-nerikomi-keramikkopp","8":"product_shipping_class-liten-pakke","10":"first","11":"instock","12":"shipping-taxable","13":"purchasable","14":"product-type-simple"},"yoast_head":"<!-- This site is optimized with the Yoast SEO plugin v25.9 - https:\/\/yoast.com\/wordpress\/plugins\/seo\/ -->\n<title>H\u00e5ndlaget nerikomi keramikkopp | KeramikkHj\u00f8rnet<\/title>\n<meta name=\"description\" content=\"H\u00e5ndlaget keramikkopp, ca. 150 ml. Denne unike koppen er laget med nerikomi-teknikken, hvor ulike fargede leirer blandes og formes til vakre m\u00f8nstre.\" \/>\n<meta name=\"robots\" content=\"index, follow, max-snippet:-1, max-image-preview:large, max-video-preview:-1\" \/>\n<link rel=\"canonical\" href=\"https:\/\/keramikkhjornet.no\/en\/product\/handlaget-nerikomi-keramikkopp\/\" \/>\n<meta property=\"og:locale\" content=\"en_GB\" \/>\n<meta property=\"og:type\" content=\"article\" \/>\n<meta property=\"og:title\" content=\"H\u00e5ndlaget nerikomi keramikkopp | KeramikkHj\u00f8rnet\" \/>\n<meta property=\"og:description\" content=\"H\u00e5ndlaget keramikkopp, ca. 150 ml. Denne unike koppen er laget med nerikomi-teknikken, hvor ulike fargede leirer blandes og formes til vakre m\u00f8nstre.\" \/>\n<meta property=\"og:url\" content=\"https:\/\/keramikkhjornet.no\/en\/product\/handlaget-nerikomi-keramikkopp\/\" \/>\n<meta property=\"og:site_name\" content=\"KeramikkHj\u00f8rnet\" \/>\n<meta property=\"article:publisher\" content=\"https:\/\/www.facebook.com\/KeramikkHjornet\" \/>\n<meta property=\"article:modified_time\" content=\"2025-08-28T12:21:56+00:00\" \/>\n<meta property=\"og:image\" content=\"https:\/\/keramikkhjornet.no\/wp-content\/uploads\/2025\/08\/IMG_3557-scaled.jpeg\" \/>\n\t<meta property=\"og:image:width\" content=\"1920\" \/>\n\t<meta property=\"og:image:height\" content=\"2560\" \/>\n\t<meta property=\"og:image:type\" content=\"image\/jpeg\" \/>\n<meta name=\"twitter:card\" content=\"summary_large_image\" \/>\n<meta name=\"twitter:label1\" content=\"Estimated reading time\" \/>\n\t<meta name=\"twitter:data1\" content=\"1 minute\" \/>\n<script type=\"application\/ld+json\" class=\"yoast-schema-graph\">{\"@context\":\"https:\/\/schema.org\",\"@graph\":[{\"@type\":\"WebPage\",\"@id\":\"https:\/\/keramikkhjornet.no\/product\/handlaget-nerikomi-keramikkopp\/\",\"url\":\"https:\/\/keramikkhjornet.no\/product\/handlaget-nerikomi-keramikkopp\/\",\"name\":\"H\u00e5ndlaget nerikomi keramikkopp | KeramikkHj\u00f8rnet\",\"isPartOf\":{\"@id\":\"https:\/\/keramikkhjornet.no\/#website\"},\"primaryImageOfPage\":{\"@id\":\"https:\/\/keramikkhjornet.no\/product\/handlaget-nerikomi-keramikkopp\/#primaryimage\"},\"image\":{\"@id\":\"https:\/\/keramikkhjornet.no\/product\/handlaget-nerikomi-keramikkopp\/#primaryimage\"},\"thumbnailUrl\":\"https:\/\/keramikkhjornet.no\/wp-content\/uploads\/2025\/08\/IMG_3557-scaled.jpeg\",\"datePublished\":\"2025-08-28T11:59:12+00:00\",\"dateModified\":\"2025-08-28T12:21:56+00:00\",\"description\":\"H\u00e5ndlaget keramikkopp, ca. 150 ml. Denne unike koppen er laget med nerikomi-teknikken, hvor ulike fargede leirer blandes og formes til vakre m\u00f8nstre.\",\"breadcrumb\":{\"@id\":\"https:\/\/keramikkhjornet.no\/product\/handlaget-nerikomi-keramikkopp\/#breadcrumb\"},\"inLanguage\":\"en-GB\",\"potentialAction\":[{\"@type\":\"ReadAction\",\"target\":[\"https:\/\/keramikkhjornet.no\/product\/handlaget-nerikomi-keramikkopp\/\"]}]},{\"@type\":\"ImageObject\",\"inLanguage\":\"en-GB\",\"@id\":\"https:\/\/keramikkhjornet.no\/product\/handlaget-nerikomi-keramikkopp\/#primaryimage\",\"url\":\"https:\/\/keramikkhjornet.no\/wp-content\/uploads\/2025\/08\/IMG_3557-scaled.jpeg\",\"contentUrl\":\"https:\/\/keramikkhjornet.no\/wp-content\/uploads\/2025\/08\/IMG_3557-scaled.jpeg\",\"width\":1920,\"height\":2560,\"caption\":\"H\u00e5ndlaget nerikomi keramikkopp\"},{\"@type\":\"BreadcrumbList\",\"@id\":\"https:\/\/keramikkhjornet.no\/product\/handlaget-nerikomi-keramikkopp\/#breadcrumb\",\"itemListElement\":[{\"@type\":\"ListItem\",\"position\":1,\"name\":\"Home\",\"item\":\"https:\/\/keramikkhjornet.no\/\"},{\"@type\":\"ListItem\",\"position\":2,\"name\":\"Products\",\"item\":\"https:\/\/ufbhfrrj.elementor.cloud\/shop\/\"},{\"@type\":\"ListItem\",\"position\":3,\"name\":\"H\u00e5ndlaget nerikomi keramikkopp\"}]},{\"@type\":\"WebSite\",\"@id\":\"https:\/\/keramikkhjornet.no\/#website\",\"url\":\"https:\/\/keramikkhjornet.no\/\",\"name\":\"KeramikkHj\u00f8rnet\",\"description\":\"keramikkverkstedet for alle\",\"publisher\":{\"@id\":\"https:\/\/keramikkhjornet.no\/#organization\"},\"potentialAction\":[{\"@type\":\"SearchAction\",\"target\":{\"@type\":\"EntryPoint\",\"urlTemplate\":\"https:\/\/keramikkhjornet.no\/?s={search_term_string}\"},\"query-input\":{\"@type\":\"PropertyValueSpecification\",\"valueRequired\":true,\"valueName\":\"search_term_string\"}}],\"inLanguage\":\"en-GB\"},{\"@type\":\"Organization\",\"@id\":\"https:\/\/keramikkhjornet.no\/#organization\",\"name\":\"KeramikkHj\u00f8rnet\",\"url\":\"https:\/\/keramikkhjornet.no\/\",\"logo\":{\"@type\":\"ImageObject\",\"inLanguage\":\"en-GB\",\"@id\":\"https:\/\/keramikkhjornet.no\/#\/schema\/logo\/image\/\",\"url\":\"https:\/\/keramikkhjornet.no\/wp-content\/uploads\/2024\/04\/Logo-v2-Website.png\",\"contentUrl\":\"https:\/\/keramikkhjornet.no\/wp-content\/uploads\/2024\/04\/Logo-v2-Website.png\",\"width\":1366,\"height\":768,\"caption\":\"KeramikkHj\u00f8rnet\"},\"image\":{\"@id\":\"https:\/\/keramikkhjornet.no\/#\/schema\/logo\/image\/\"},\"sameAs\":[\"https:\/\/www.facebook.com\/KeramikkHjornet\",\"https:\/\/www.instagram.com\/keramikkhjornet\"]}]}<\/script>\n<!-- \/ Yoast SEO plugin. -->","yoast_head_json":{"title":"H\u00e5ndlaget nerikomi keramikkopp | KeramikkHj\u00f8rnet","description":"H\u00e5ndlaget keramikkopp, ca. 150 ml. Denne unike koppen er laget med nerikomi-teknikken, hvor ulike fargede leirer blandes og formes til vakre m\u00f8nstre.","robots":{"index":"index","follow":"follow","max-snippet":"max-snippet:-1","max-image-preview":"max-image-preview:large","max-video-preview":"max-video-preview:-1"},"canonical":"https:\/\/keramikkhjornet.no\/en\/product\/handlaget-nerikomi-keramikkopp\/","og_locale":"en_GB","og_type":"article","og_title":"H\u00e5ndlaget nerikomi keramikkopp | KeramikkHj\u00f8rnet","og_description":"H\u00e5ndlaget keramikkopp, ca. 150 ml. Denne unike koppen er laget med nerikomi-teknikken, hvor ulike fargede leirer blandes og formes til vakre m\u00f8nstre.","og_url":"https:\/\/keramikkhjornet.no\/en\/product\/handlaget-nerikomi-keramikkopp\/","og_site_name":"KeramikkHj\u00f8rnet","article_publisher":"https:\/\/www.facebook.com\/KeramikkHjornet","article_modified_time":"2025-08-28T12:21:56+00:00","og_image":[{"width":1920,"height":2560,"url":"https:\/\/keramikkhjornet.no\/wp-content\/uploads\/2025\/08\/IMG_3557-scaled.jpeg","type":"image\/jpeg"}],"twitter_card":"summary_large_image","twitter_misc":{"Estimated reading time":"1 minute"},"schema":{"@context":"https:\/\/schema.org","@graph":[{"@type":"WebPage","@id":"https:\/\/keramikkhjornet.no\/product\/handlaget-nerikomi-keramikkopp\/","url":"https:\/\/keramikkhjornet.no\/product\/handlaget-nerikomi-keramikkopp\/","name":"H\u00e5ndlaget nerikomi keramikkopp | KeramikkHj\u00f8rnet","isPartOf":{"@id":"https:\/\/keramikkhjornet.no\/#website"},"primaryImageOfPage":{"@id":"https:\/\/keramikkhjornet.no\/product\/handlaget-nerikomi-keramikkopp\/#primaryimage"},"image":{"@id":"https:\/\/keramikkhjornet.no\/product\/handlaget-nerikomi-keramikkopp\/#primaryimage"},"thumbnailUrl":"https:\/\/keramikkhjornet.no\/wp-content\/uploads\/2025\/08\/IMG_3557-scaled.jpeg","datePublished":"2025-08-28T11:59:12+00:00","dateModified":"2025-08-28T12:21:56+00:00","description":"H\u00e5ndlaget keramikkopp, ca. 150 ml. Denne unike koppen er laget med nerikomi-teknikken, hvor ulike fargede leirer blandes og formes til vakre m\u00f8nstre.","breadcrumb":{"@id":"https:\/\/keramikkhjornet.no\/product\/handlaget-nerikomi-keramikkopp\/#breadcrumb"},"inLanguage":"en-GB","potentialAction":[{"@type":"ReadAction","target":["https:\/\/keramikkhjornet.no\/product\/handlaget-nerikomi-keramikkopp\/"]}]},{"@type":"ImageObject","inLanguage":"en-GB","@id":"https:\/\/keramikkhjornet.no\/product\/handlaget-nerikomi-keramikkopp\/#primaryimage","url":"https:\/\/keramikkhjornet.no\/wp-content\/uploads\/2025\/08\/IMG_3557-scaled.jpeg","contentUrl":"https:\/\/keramikkhjornet.no\/wp-content\/uploads\/2025\/08\/IMG_3557-scaled.jpeg","width":1920,"height":2560,"caption":"H\u00e5ndlaget nerikomi keramikkopp"},{"@type":"BreadcrumbList","@id":"https:\/\/keramikkhjornet.no\/product\/handlaget-nerikomi-keramikkopp\/#breadcrumb","itemListElement":[{"@type":"ListItem","position":1,"name":"Home","item":"https:\/\/keramikkhjornet.no\/"},{"@type":"ListItem","position":2,"name":"Products","item":"https:\/\/ufbhfrrj.elementor.cloud\/shop\/"},{"@type":"ListItem","position":3,"name":"H\u00e5ndlaget nerikomi keramikkopp"}]},{"@type":"WebSite","@id":"https:\/\/keramikkhjornet.no\/#website","url":"https:\/\/keramikkhjornet.no\/","name":"KeramikkHj\u00f8rnet","description":"keramikkverkstedet for alle","publisher":{"@id":"https:\/\/keramikkhjornet.no\/#organization"},"potentialAction":[{"@type":"SearchAction","target":{"@type":"EntryPoint","urlTemplate":"https:\/\/keramikkhjornet.no\/?s={search_term_string}"},"query-input":{"@type":"PropertyValueSpecification","valueRequired":true,"valueName":"search_term_string"}}],"inLanguage":"en-GB"},{"@type":"Organization","@id":"https:\/\/keramikkhjornet.no\/#organization","name":"KeramikkHj\u00f8rnet","url":"https:\/\/keramikkhjornet.no\/","logo":{"@type":"ImageObject","inLanguage":"en-GB","@id":"https:\/\/keramikkhjornet.no\/#\/schema\/logo\/image\/","url":"https:\/\/keramikkhjornet.no\/wp-content\/uploads\/2024\/04\/Logo-v2-Website.png","contentUrl":"https:\/\/keramikkhjornet.no\/wp-content\/uploads\/2024\/04\/Logo-v2-Website.png","width":1366,"height":768,"caption":"KeramikkHj\u00f8rnet"},"image":{"@id":"https:\/\/keramikkhjornet.no\/#\/schema\/logo\/image\/"},"sameAs":["https:\/\/www.facebook.com\/KeramikkHjornet","https:\/\/www.instagram.com\/keramikkhjornet"]}]}},"_links":{"self":[{"href":"https:\/\/keramikkhjornet.no\/en\/wp-json\/wp\/v2\/product\/2262","targetHints":{"allow":["GET"]}}],"collection":[{"href":"https:\/\/keramikkhjornet.no\/en\/wp-json\/wp\/v2\/product"}],"about":[{"href":"https:\/\/keramikkhjornet.no\/en\/wp-json\/wp\/v2\/types\/product"}],"replies":[{"embeddable":true,"href":"https:\/\/keramikkhjornet.no\/en\/wp-json\/wp\/v2\/comments?post=2262"}],"wp:featuredmedia":[{"embeddable":true,"href":"https:\/\/keramikkhjornet.no\/en\/wp-json\/wp\/v2\/media\/2263"}],"wp:attachment":[{"href":"https:\/\/keramikkhjornet.no\/en\/wp-json\/wp\/v2\/media?parent=2262"}],"wp:term":[{"taxonomy":"product_brand","embeddable":true,"href":"https:\/\/keramikkhjornet.no\/en\/wp-json\/wp\/v2\/product_brand?post=2262"},{"taxonomy":"product_cat","embeddable":true,"href":"https:\/\/keramikkhjornet.no\/en\/wp-json\/wp\/v2\/product_cat?post=2262"},{"taxonomy":"product_tag","embeddable":true,"href":"https:\/\/keramikkhjornet.no\/en\/wp-json\/wp\/v2\/product_tag?post=2262"}],"curies":[{"name":"wp","href":"https:\/\/api.w.org\/{rel}","templated":true}]}}