{"id":2247,"date":"2025-08-28T10:40:41","date_gmt":"2025-08-28T10:40:41","guid":{"rendered":"https:\/\/keramikkhjornet.no\/?post_type=product&#038;p=2247"},"modified":"2025-08-28T12:23:01","modified_gmt":"2025-08-28T12:23:01","slug":"handlaget-koselig-keramikkopp","status":"publish","type":"product","link":"https:\/\/keramikkhjornet.no\/en\/product\/handlaget-koselig-keramikkopp\/","title":{"rendered":"Handmade cozy mug"},"content":{"rendered":"<p data-start=\"85\" data-end=\"495\">Handmade ceramic mug, 200 ml, crafted in stoneware. The mug features a dark matte surface that highlights the hand-painted floral patterns in light glaze. A soft glazed rim and interior provide a harmonious contrast to the darker exterior. Each mug is unique, with slight variations in shape and decoration, giving it its own distinct character. Perfect for coffee, tea, or a small cappuccino.<\/p>\n<p>Please wash by hand.<\/p>\n<p>Alle koppene er laget med stor kj\u00e6rlighet i verkstedet mitt i Vollen, et lite tettsted ved Oslofjorden. Se mer p\u00e5 Instagram <a href=\"https:\/\/www.instagram.com\/keramikkhjornet\/\" target=\"_blank\" rel=\"noopener\">@keramikkhjornet<\/a>.<\/p>\n<p>PACKAGING: Packing ceramics requires careful wrapping to prevent damage. I use new paper and string to wrap the ceramics, and reuse boxes and protective materials to reduce waste.<\/p>\n<p>Feel free to get in touch if you\u2019d like more information at keramikkhjornet@gmail.com.<\/p>\n<p data-start=\"497\" data-end=\"904\">","protected":false},"excerpt":{"rendered":"<p>H\u00e5ndlaget keramikkopp p\u00e5 200 ml, laget i steingods. Koppen har en m\u00f8rk, matt overflate som fremhever de h\u00e5ndmalte blomsterm\u00f8nstrene i lys glasur.<\/p>","protected":false},"featured_media":2250,"comment_status":"open","ping_status":"closed","template":"","meta":[],"product_brand":[],"product_cat":[35],"product_tag":[53],"class_list":{"0":"post-2247","1":"product","2":"type-product","3":"status-publish","4":"has-post-thumbnail","6":"product_cat-keramikk","7":"product_tag-mork-keramikkopp","8":"product_shipping_class-liten-pakke","10":"first","11":"instock","12":"shipping-taxable","13":"purchasable","14":"product-type-simple"},"yoast_head":"<!-- This site is optimized with the Yoast SEO plugin v25.9 - https:\/\/yoast.com\/wordpress\/plugins\/seo\/ -->\n<title>H\u00e5ndlaget koselig keramikkopp | KeramikkHj\u00f8rnet<\/title>\n<meta name=\"description\" content=\"H\u00e5ndlaget keramikkopp p\u00e5 200 ml, laget i steingods. Koppen har en m\u00f8rk, matt overflate som fremhever de h\u00e5ndmalte blomsterm\u00f8nstrene i lys glasur.\" \/>\n<meta name=\"robots\" content=\"index, follow, max-snippet:-1, max-image-preview:large, max-video-preview:-1\" \/>\n<link rel=\"canonical\" href=\"https:\/\/keramikkhjornet.no\/en\/product\/handlaget-koselig-keramikkopp\/\" \/>\n<meta property=\"og:locale\" content=\"en_GB\" \/>\n<meta property=\"og:type\" content=\"article\" \/>\n<meta property=\"og:title\" content=\"H\u00e5ndlaget koselig keramikkopp | KeramikkHj\u00f8rnet\" \/>\n<meta property=\"og:description\" content=\"H\u00e5ndlaget keramikkopp p\u00e5 200 ml, laget i steingods. Koppen har en m\u00f8rk, matt overflate som fremhever de h\u00e5ndmalte blomsterm\u00f8nstrene i lys glasur.\" \/>\n<meta property=\"og:url\" content=\"https:\/\/keramikkhjornet.no\/en\/product\/handlaget-koselig-keramikkopp\/\" \/>\n<meta property=\"og:site_name\" content=\"KeramikkHj\u00f8rnet\" \/>\n<meta property=\"article:publisher\" content=\"https:\/\/www.facebook.com\/KeramikkHjornet\" \/>\n<meta property=\"article:modified_time\" content=\"2025-08-28T12:23:01+00:00\" \/>\n<meta property=\"og:image\" content=\"https:\/\/keramikkhjornet.no\/wp-content\/uploads\/2025\/08\/IMG_3537-scaled.jpeg\" \/>\n\t<meta property=\"og:image:width\" content=\"1920\" \/>\n\t<meta property=\"og:image:height\" content=\"2560\" \/>\n\t<meta property=\"og:image:type\" content=\"image\/jpeg\" \/>\n<meta name=\"twitter:card\" content=\"summary_large_image\" \/>\n<meta name=\"twitter:label1\" content=\"Estimated reading time\" \/>\n\t<meta name=\"twitter:data1\" content=\"1 minute\" \/>\n<script type=\"application\/ld+json\" class=\"yoast-schema-graph\">{\"@context\":\"https:\/\/schema.org\",\"@graph\":[{\"@type\":\"WebPage\",\"@id\":\"https:\/\/keramikkhjornet.no\/product\/handlaget-koselig-keramikkopp\/\",\"url\":\"https:\/\/keramikkhjornet.no\/product\/handlaget-koselig-keramikkopp\/\",\"name\":\"H\u00e5ndlaget koselig keramikkopp | KeramikkHj\u00f8rnet\",\"isPartOf\":{\"@id\":\"https:\/\/keramikkhjornet.no\/#website\"},\"primaryImageOfPage\":{\"@id\":\"https:\/\/keramikkhjornet.no\/product\/handlaget-koselig-keramikkopp\/#primaryimage\"},\"image\":{\"@id\":\"https:\/\/keramikkhjornet.no\/product\/handlaget-koselig-keramikkopp\/#primaryimage\"},\"thumbnailUrl\":\"https:\/\/keramikkhjornet.no\/wp-content\/uploads\/2025\/08\/IMG_3537-scaled.jpeg\",\"datePublished\":\"2025-08-28T10:40:41+00:00\",\"dateModified\":\"2025-08-28T12:23:01+00:00\",\"description\":\"H\u00e5ndlaget keramikkopp p\u00e5 200 ml, laget i steingods. Koppen har en m\u00f8rk, matt overflate som fremhever de h\u00e5ndmalte blomsterm\u00f8nstrene i lys glasur.\",\"breadcrumb\":{\"@id\":\"https:\/\/keramikkhjornet.no\/product\/handlaget-koselig-keramikkopp\/#breadcrumb\"},\"inLanguage\":\"en-GB\",\"potentialAction\":[{\"@type\":\"ReadAction\",\"target\":[\"https:\/\/keramikkhjornet.no\/product\/handlaget-koselig-keramikkopp\/\"]}]},{\"@type\":\"ImageObject\",\"inLanguage\":\"en-GB\",\"@id\":\"https:\/\/keramikkhjornet.no\/product\/handlaget-koselig-keramikkopp\/#primaryimage\",\"url\":\"https:\/\/keramikkhjornet.no\/wp-content\/uploads\/2025\/08\/IMG_3537-scaled.jpeg\",\"contentUrl\":\"https:\/\/keramikkhjornet.no\/wp-content\/uploads\/2025\/08\/IMG_3537-scaled.jpeg\",\"width\":1920,\"height\":2560,\"caption\":\"h\u00e5ndlaget koselig keramikkopp\"},{\"@type\":\"BreadcrumbList\",\"@id\":\"https:\/\/keramikkhjornet.no\/product\/handlaget-koselig-keramikkopp\/#breadcrumb\",\"itemListElement\":[{\"@type\":\"ListItem\",\"position\":1,\"name\":\"Home\",\"item\":\"https:\/\/keramikkhjornet.no\/\"},{\"@type\":\"ListItem\",\"position\":2,\"name\":\"Products\",\"item\":\"https:\/\/ufbhfrrj.elementor.cloud\/shop\/\"},{\"@type\":\"ListItem\",\"position\":3,\"name\":\"H\u00e5ndlaget koselig keramikkopp\"}]},{\"@type\":\"WebSite\",\"@id\":\"https:\/\/keramikkhjornet.no\/#website\",\"url\":\"https:\/\/keramikkhjornet.no\/\",\"name\":\"KeramikkHj\u00f8rnet\",\"description\":\"keramikkverkstedet for alle\",\"publisher\":{\"@id\":\"https:\/\/keramikkhjornet.no\/#organization\"},\"potentialAction\":[{\"@type\":\"SearchAction\",\"target\":{\"@type\":\"EntryPoint\",\"urlTemplate\":\"https:\/\/keramikkhjornet.no\/?s={search_term_string}\"},\"query-input\":{\"@type\":\"PropertyValueSpecification\",\"valueRequired\":true,\"valueName\":\"search_term_string\"}}],\"inLanguage\":\"en-GB\"},{\"@type\":\"Organization\",\"@id\":\"https:\/\/keramikkhjornet.no\/#organization\",\"name\":\"KeramikkHj\u00f8rnet\",\"url\":\"https:\/\/keramikkhjornet.no\/\",\"logo\":{\"@type\":\"ImageObject\",\"inLanguage\":\"en-GB\",\"@id\":\"https:\/\/keramikkhjornet.no\/#\/schema\/logo\/image\/\",\"url\":\"https:\/\/keramikkhjornet.no\/wp-content\/uploads\/2024\/04\/Logo-v2-Website.png\",\"contentUrl\":\"https:\/\/keramikkhjornet.no\/wp-content\/uploads\/2024\/04\/Logo-v2-Website.png\",\"width\":1366,\"height\":768,\"caption\":\"KeramikkHj\u00f8rnet\"},\"image\":{\"@id\":\"https:\/\/keramikkhjornet.no\/#\/schema\/logo\/image\/\"},\"sameAs\":[\"https:\/\/www.facebook.com\/KeramikkHjornet\",\"https:\/\/www.instagram.com\/keramikkhjornet\"]}]}<\/script>\n<!-- \/ Yoast SEO plugin. -->","yoast_head_json":{"title":"H\u00e5ndlaget koselig keramikkopp | KeramikkHj\u00f8rnet","description":"H\u00e5ndlaget keramikkopp p\u00e5 200 ml, laget i steingods. Koppen har en m\u00f8rk, matt overflate som fremhever de h\u00e5ndmalte blomsterm\u00f8nstrene i lys glasur.","robots":{"index":"index","follow":"follow","max-snippet":"max-snippet:-1","max-image-preview":"max-image-preview:large","max-video-preview":"max-video-preview:-1"},"canonical":"https:\/\/keramikkhjornet.no\/en\/product\/handlaget-koselig-keramikkopp\/","og_locale":"en_GB","og_type":"article","og_title":"H\u00e5ndlaget koselig keramikkopp | KeramikkHj\u00f8rnet","og_description":"H\u00e5ndlaget keramikkopp p\u00e5 200 ml, laget i steingods. Koppen har en m\u00f8rk, matt overflate som fremhever de h\u00e5ndmalte blomsterm\u00f8nstrene i lys glasur.","og_url":"https:\/\/keramikkhjornet.no\/en\/product\/handlaget-koselig-keramikkopp\/","og_site_name":"KeramikkHj\u00f8rnet","article_publisher":"https:\/\/www.facebook.com\/KeramikkHjornet","article_modified_time":"2025-08-28T12:23:01+00:00","og_image":[{"width":1920,"height":2560,"url":"https:\/\/keramikkhjornet.no\/wp-content\/uploads\/2025\/08\/IMG_3537-scaled.jpeg","type":"image\/jpeg"}],"twitter_card":"summary_large_image","twitter_misc":{"Estimated reading time":"1 minute"},"schema":{"@context":"https:\/\/schema.org","@graph":[{"@type":"WebPage","@id":"https:\/\/keramikkhjornet.no\/product\/handlaget-koselig-keramikkopp\/","url":"https:\/\/keramikkhjornet.no\/product\/handlaget-koselig-keramikkopp\/","name":"H\u00e5ndlaget koselig keramikkopp | KeramikkHj\u00f8rnet","isPartOf":{"@id":"https:\/\/keramikkhjornet.no\/#website"},"primaryImageOfPage":{"@id":"https:\/\/keramikkhjornet.no\/product\/handlaget-koselig-keramikkopp\/#primaryimage"},"image":{"@id":"https:\/\/keramikkhjornet.no\/product\/handlaget-koselig-keramikkopp\/#primaryimage"},"thumbnailUrl":"https:\/\/keramikkhjornet.no\/wp-content\/uploads\/2025\/08\/IMG_3537-scaled.jpeg","datePublished":"2025-08-28T10:40:41+00:00","dateModified":"2025-08-28T12:23:01+00:00","description":"H\u00e5ndlaget keramikkopp p\u00e5 200 ml, laget i steingods. Koppen har en m\u00f8rk, matt overflate som fremhever de h\u00e5ndmalte blomsterm\u00f8nstrene i lys glasur.","breadcrumb":{"@id":"https:\/\/keramikkhjornet.no\/product\/handlaget-koselig-keramikkopp\/#breadcrumb"},"inLanguage":"en-GB","potentialAction":[{"@type":"ReadAction","target":["https:\/\/keramikkhjornet.no\/product\/handlaget-koselig-keramikkopp\/"]}]},{"@type":"ImageObject","inLanguage":"en-GB","@id":"https:\/\/keramikkhjornet.no\/product\/handlaget-koselig-keramikkopp\/#primaryimage","url":"https:\/\/keramikkhjornet.no\/wp-content\/uploads\/2025\/08\/IMG_3537-scaled.jpeg","contentUrl":"https:\/\/keramikkhjornet.no\/wp-content\/uploads\/2025\/08\/IMG_3537-scaled.jpeg","width":1920,"height":2560,"caption":"h\u00e5ndlaget koselig keramikkopp"},{"@type":"BreadcrumbList","@id":"https:\/\/keramikkhjornet.no\/product\/handlaget-koselig-keramikkopp\/#breadcrumb","itemListElement":[{"@type":"ListItem","position":1,"name":"Home","item":"https:\/\/keramikkhjornet.no\/"},{"@type":"ListItem","position":2,"name":"Products","item":"https:\/\/ufbhfrrj.elementor.cloud\/shop\/"},{"@type":"ListItem","position":3,"name":"H\u00e5ndlaget koselig keramikkopp"}]},{"@type":"WebSite","@id":"https:\/\/keramikkhjornet.no\/#website","url":"https:\/\/keramikkhjornet.no\/","name":"KeramikkHj\u00f8rnet","description":"keramikkverkstedet for alle","publisher":{"@id":"https:\/\/keramikkhjornet.no\/#organization"},"potentialAction":[{"@type":"SearchAction","target":{"@type":"EntryPoint","urlTemplate":"https:\/\/keramikkhjornet.no\/?s={search_term_string}"},"query-input":{"@type":"PropertyValueSpecification","valueRequired":true,"valueName":"search_term_string"}}],"inLanguage":"en-GB"},{"@type":"Organization","@id":"https:\/\/keramikkhjornet.no\/#organization","name":"KeramikkHj\u00f8rnet","url":"https:\/\/keramikkhjornet.no\/","logo":{"@type":"ImageObject","inLanguage":"en-GB","@id":"https:\/\/keramikkhjornet.no\/#\/schema\/logo\/image\/","url":"https:\/\/keramikkhjornet.no\/wp-content\/uploads\/2024\/04\/Logo-v2-Website.png","contentUrl":"https:\/\/keramikkhjornet.no\/wp-content\/uploads\/2024\/04\/Logo-v2-Website.png","width":1366,"height":768,"caption":"KeramikkHj\u00f8rnet"},"image":{"@id":"https:\/\/keramikkhjornet.no\/#\/schema\/logo\/image\/"},"sameAs":["https:\/\/www.facebook.com\/KeramikkHjornet","https:\/\/www.instagram.com\/keramikkhjornet"]}]}},"_links":{"self":[{"href":"https:\/\/keramikkhjornet.no\/en\/wp-json\/wp\/v2\/product\/2247","targetHints":{"allow":["GET"]}}],"collection":[{"href":"https:\/\/keramikkhjornet.no\/en\/wp-json\/wp\/v2\/product"}],"about":[{"href":"https:\/\/keramikkhjornet.no\/en\/wp-json\/wp\/v2\/types\/product"}],"replies":[{"embeddable":true,"href":"https:\/\/keramikkhjornet.no\/en\/wp-json\/wp\/v2\/comments?post=2247"}],"wp:featuredmedia":[{"embeddable":true,"href":"https:\/\/keramikkhjornet.no\/en\/wp-json\/wp\/v2\/media\/2250"}],"wp:attachment":[{"href":"https:\/\/keramikkhjornet.no\/en\/wp-json\/wp\/v2\/media?parent=2247"}],"wp:term":[{"taxonomy":"product_brand","embeddable":true,"href":"https:\/\/keramikkhjornet.no\/en\/wp-json\/wp\/v2\/product_brand?post=2247"},{"taxonomy":"product_cat","embeddable":true,"href":"https:\/\/keramikkhjornet.no\/en\/wp-json\/wp\/v2\/product_cat?post=2247"},{"taxonomy":"product_tag","embeddable":true,"href":"https:\/\/keramikkhjornet.no\/en\/wp-json\/wp\/v2\/product_tag?post=2247"}],"curies":[{"name":"wp","href":"https:\/\/api.w.org\/{rel}","templated":true}]}}