{"id":1833,"date":"2024-10-08T10:21:08","date_gmt":"2024-10-08T10:21:08","guid":{"rendered":"https:\/\/keramikkhjornet.no\/?post_type=product&#038;p=1833"},"modified":"2025-08-28T12:14:57","modified_gmt":"2025-08-28T12:14:57","slug":"handlaget-skulpturell-vase","status":"publish","type":"product","link":"https:\/\/keramikkhjornet.no\/en\/product\/handlaget-skulpturell-vase\/","title":{"rendered":"Handmade Sculptural Vase - Life"},"content":{"rendered":"<p>This unique vase combines fluid form and structure, bringing a striking presence to any space. Inspired by organic shapes, the vase\u2019s textured curves mimic the natural folds found in fabric or clay, giving it a soft, draped appearance despite its solid material.<\/p>\n<p>Perfect for dry arrangements such as branches or dried flowers, this vase adds an artistic expression to your interior. The vase is not waterproof, making it ideal for creative displays where water is not required.<\/p>\n<p>Place it as a centerpiece in the living room, on a console table, or as a delicate addition to your bookshelf. This vase is both a functional and sculptural detail that highlights your sense of style and design.<\/p>\n<p>Ceramic artist: Mariana Berezovska<\/p>\n<p><strong>Approximate dimensions:<\/strong><\/p>\n<ul>\n<li>Height: 22 cm<\/li>\n<li>\u2300 15 cm<\/li>\n<\/ul>\n<p>Please wash by hand.<\/p>\n<p>All objects are made with great love in the workshop in Vollen, Norway, a small town by the Oslofjord. See more about the workshop on Instagram @keramikkhjornet.<\/p>\n<p><strong>PACKAGING<\/strong><\/p>\n<p>Packing ceramics requires a lot of wrapping to prevent breakage. I use completely new paper and twine to wrap my ceramics. For boxes and protective materials, I reuse what I already have to reduce waste.<\/p>\n<p>Feel free to reach out if you would like more information via keramikkhjornet@gmail.com.<\/p>","protected":false},"excerpt":{"rendered":"<p>En vakker h\u00e5ndlaget keramikk vase kan brukes som en blomstervase eller som et skulpturelt element i ditt hjem.<\/p>","protected":false},"featured_media":1835,"comment_status":"open","ping_status":"closed","template":"","meta":[],"product_brand":[],"product_cat":[35],"product_tag":[48],"class_list":{"0":"post-1833","1":"product","2":"type-product","3":"status-publish","4":"has-post-thumbnail","6":"product_cat-keramikk","7":"product_tag-handlaget-keramikk-vase","8":"product_shipping_class-liten-pakke","10":"first","11":"instock","12":"sold-individually","13":"purchasable","14":"product-type-simple"},"yoast_head":"<!-- This site is optimized with the Yoast SEO plugin v25.9 - https:\/\/yoast.com\/wordpress\/plugins\/seo\/ -->\n<title>H\u00e5ndlaget Skulpturell Vase - Life | KeramikkHj\u00f8rnet<\/title>\n<meta name=\"description\" content=\"En vakker h\u00e5ndlaget keramikk vase kan brukes som en blomstervase eller som et skulpturelt element i ditt hjem. Utforske mer keramikk p\u00e5 nettbutikken v\u00e5r.\" \/>\n<meta name=\"robots\" content=\"index, follow, max-snippet:-1, max-image-preview:large, max-video-preview:-1\" \/>\n<link rel=\"canonical\" href=\"https:\/\/keramikkhjornet.no\/en\/product\/handlaget-skulpturell-vase\/\" \/>\n<meta property=\"og:locale\" content=\"en_GB\" \/>\n<meta property=\"og:type\" content=\"article\" \/>\n<meta property=\"og:title\" content=\"H\u00e5ndlaget Skulpturell Vase - Life | KeramikkHj\u00f8rnet\" \/>\n<meta property=\"og:description\" content=\"En vakker h\u00e5ndlaget keramikk vase kan brukes som en blomstervase eller som et skulpturelt element i ditt hjem. Utforske mer keramikk p\u00e5 nettbutikken v\u00e5r.\" \/>\n<meta property=\"og:url\" content=\"https:\/\/keramikkhjornet.no\/en\/product\/handlaget-skulpturell-vase\/\" \/>\n<meta property=\"og:site_name\" content=\"KeramikkHj\u00f8rnet\" \/>\n<meta property=\"article:publisher\" content=\"https:\/\/www.facebook.com\/KeramikkHjornet\" \/>\n<meta property=\"article:modified_time\" content=\"2025-08-28T12:14:57+00:00\" \/>\n<meta property=\"og:image\" content=\"https:\/\/keramikkhjornet.no\/wp-content\/uploads\/2024\/10\/IMG_5400-scaled.jpeg\" \/>\n\t<meta property=\"og:image:width\" content=\"1920\" \/>\n\t<meta property=\"og:image:height\" content=\"2560\" \/>\n\t<meta property=\"og:image:type\" content=\"image\/jpeg\" \/>\n<meta name=\"twitter:card\" content=\"summary_large_image\" \/>\n<meta name=\"twitter:label1\" content=\"Estimated reading time\" \/>\n\t<meta name=\"twitter:data1\" content=\"2 minutes\" \/>\n<script type=\"application\/ld+json\" class=\"yoast-schema-graph\">{\"@context\":\"https:\/\/schema.org\",\"@graph\":[{\"@type\":[\"WebPage\",\"CheckoutPage\"],\"@id\":\"https:\/\/keramikkhjornet.no\/product\/handlaget-skulpturell-vase\/\",\"url\":\"https:\/\/keramikkhjornet.no\/product\/handlaget-skulpturell-vase\/\",\"name\":\"H\u00e5ndlaget Skulpturell Vase - Life | KeramikkHj\u00f8rnet\",\"isPartOf\":{\"@id\":\"https:\/\/keramikkhjornet.no\/#website\"},\"primaryImageOfPage\":{\"@id\":\"https:\/\/keramikkhjornet.no\/product\/handlaget-skulpturell-vase\/#primaryimage\"},\"image\":{\"@id\":\"https:\/\/keramikkhjornet.no\/product\/handlaget-skulpturell-vase\/#primaryimage\"},\"thumbnailUrl\":\"https:\/\/keramikkhjornet.no\/wp-content\/uploads\/2024\/10\/IMG_5400-scaled.jpeg\",\"datePublished\":\"2024-10-08T10:21:08+00:00\",\"dateModified\":\"2025-08-28T12:14:57+00:00\",\"description\":\"En vakker h\u00e5ndlaget keramikk vase kan brukes som en blomstervase eller som et skulpturelt element i ditt hjem. Utforske mer keramikk p\u00e5 nettbutikken v\u00e5r.\",\"breadcrumb\":{\"@id\":\"https:\/\/keramikkhjornet.no\/product\/handlaget-skulpturell-vase\/#breadcrumb\"},\"inLanguage\":\"en-GB\",\"potentialAction\":[{\"@type\":\"ReadAction\",\"target\":[\"https:\/\/keramikkhjornet.no\/product\/handlaget-skulpturell-vase\/\"]}]},{\"@type\":\"ImageObject\",\"inLanguage\":\"en-GB\",\"@id\":\"https:\/\/keramikkhjornet.no\/product\/handlaget-skulpturell-vase\/#primaryimage\",\"url\":\"https:\/\/keramikkhjornet.no\/wp-content\/uploads\/2024\/10\/IMG_5400-scaled.jpeg\",\"contentUrl\":\"https:\/\/keramikkhjornet.no\/wp-content\/uploads\/2024\/10\/IMG_5400-scaled.jpeg\",\"width\":1920,\"height\":2560,\"caption\":\"haandlaget skulpturell keramikk vase\"},{\"@type\":\"BreadcrumbList\",\"@id\":\"https:\/\/keramikkhjornet.no\/product\/handlaget-skulpturell-vase\/#breadcrumb\",\"itemListElement\":[{\"@type\":\"ListItem\",\"position\":1,\"name\":\"Home\",\"item\":\"https:\/\/keramikkhjornet.no\/\"},{\"@type\":\"ListItem\",\"position\":2,\"name\":\"Products\",\"item\":\"https:\/\/ufbhfrrj.elementor.cloud\/shop\/\"},{\"@type\":\"ListItem\",\"position\":3,\"name\":\"H\u00e5ndlaget Skulpturell Vase &#8211; Life\"}]},{\"@type\":\"WebSite\",\"@id\":\"https:\/\/keramikkhjornet.no\/#website\",\"url\":\"https:\/\/keramikkhjornet.no\/\",\"name\":\"KeramikkHj\u00f8rnet\",\"description\":\"keramikkverkstedet for alle\",\"publisher\":{\"@id\":\"https:\/\/keramikkhjornet.no\/#organization\"},\"potentialAction\":[{\"@type\":\"SearchAction\",\"target\":{\"@type\":\"EntryPoint\",\"urlTemplate\":\"https:\/\/keramikkhjornet.no\/?s={search_term_string}\"},\"query-input\":{\"@type\":\"PropertyValueSpecification\",\"valueRequired\":true,\"valueName\":\"search_term_string\"}}],\"inLanguage\":\"en-GB\"},{\"@type\":\"Organization\",\"@id\":\"https:\/\/keramikkhjornet.no\/#organization\",\"name\":\"KeramikkHj\u00f8rnet\",\"url\":\"https:\/\/keramikkhjornet.no\/\",\"logo\":{\"@type\":\"ImageObject\",\"inLanguage\":\"en-GB\",\"@id\":\"https:\/\/keramikkhjornet.no\/#\/schema\/logo\/image\/\",\"url\":\"https:\/\/keramikkhjornet.no\/wp-content\/uploads\/2024\/04\/Logo-v2-Website.png\",\"contentUrl\":\"https:\/\/keramikkhjornet.no\/wp-content\/uploads\/2024\/04\/Logo-v2-Website.png\",\"width\":1366,\"height\":768,\"caption\":\"KeramikkHj\u00f8rnet\"},\"image\":{\"@id\":\"https:\/\/keramikkhjornet.no\/#\/schema\/logo\/image\/\"},\"sameAs\":[\"https:\/\/www.facebook.com\/KeramikkHjornet\",\"https:\/\/www.instagram.com\/keramikkhjornet\"]}]}<\/script>\n<!-- \/ Yoast SEO plugin. -->","yoast_head_json":{"title":"H\u00e5ndlaget Skulpturell Vase - Life | KeramikkHj\u00f8rnet","description":"En vakker h\u00e5ndlaget keramikk vase kan brukes som en blomstervase eller som et skulpturelt element i ditt hjem. Utforske mer keramikk p\u00e5 nettbutikken v\u00e5r.","robots":{"index":"index","follow":"follow","max-snippet":"max-snippet:-1","max-image-preview":"max-image-preview:large","max-video-preview":"max-video-preview:-1"},"canonical":"https:\/\/keramikkhjornet.no\/en\/product\/handlaget-skulpturell-vase\/","og_locale":"en_GB","og_type":"article","og_title":"H\u00e5ndlaget Skulpturell Vase - Life | KeramikkHj\u00f8rnet","og_description":"En vakker h\u00e5ndlaget keramikk vase kan brukes som en blomstervase eller som et skulpturelt element i ditt hjem. Utforske mer keramikk p\u00e5 nettbutikken v\u00e5r.","og_url":"https:\/\/keramikkhjornet.no\/en\/product\/handlaget-skulpturell-vase\/","og_site_name":"KeramikkHj\u00f8rnet","article_publisher":"https:\/\/www.facebook.com\/KeramikkHjornet","article_modified_time":"2025-08-28T12:14:57+00:00","og_image":[{"width":1920,"height":2560,"url":"https:\/\/keramikkhjornet.no\/wp-content\/uploads\/2024\/10\/IMG_5400-scaled.jpeg","type":"image\/jpeg"}],"twitter_card":"summary_large_image","twitter_misc":{"Estimated reading time":"2 minutes"},"schema":{"@context":"https:\/\/schema.org","@graph":[{"@type":["WebPage","CheckoutPage"],"@id":"https:\/\/keramikkhjornet.no\/product\/handlaget-skulpturell-vase\/","url":"https:\/\/keramikkhjornet.no\/product\/handlaget-skulpturell-vase\/","name":"H\u00e5ndlaget Skulpturell Vase - Life | KeramikkHj\u00f8rnet","isPartOf":{"@id":"https:\/\/keramikkhjornet.no\/#website"},"primaryImageOfPage":{"@id":"https:\/\/keramikkhjornet.no\/product\/handlaget-skulpturell-vase\/#primaryimage"},"image":{"@id":"https:\/\/keramikkhjornet.no\/product\/handlaget-skulpturell-vase\/#primaryimage"},"thumbnailUrl":"https:\/\/keramikkhjornet.no\/wp-content\/uploads\/2024\/10\/IMG_5400-scaled.jpeg","datePublished":"2024-10-08T10:21:08+00:00","dateModified":"2025-08-28T12:14:57+00:00","description":"En vakker h\u00e5ndlaget keramikk vase kan brukes som en blomstervase eller som et skulpturelt element i ditt hjem. Utforske mer keramikk p\u00e5 nettbutikken v\u00e5r.","breadcrumb":{"@id":"https:\/\/keramikkhjornet.no\/product\/handlaget-skulpturell-vase\/#breadcrumb"},"inLanguage":"en-GB","potentialAction":[{"@type":"ReadAction","target":["https:\/\/keramikkhjornet.no\/product\/handlaget-skulpturell-vase\/"]}]},{"@type":"ImageObject","inLanguage":"en-GB","@id":"https:\/\/keramikkhjornet.no\/product\/handlaget-skulpturell-vase\/#primaryimage","url":"https:\/\/keramikkhjornet.no\/wp-content\/uploads\/2024\/10\/IMG_5400-scaled.jpeg","contentUrl":"https:\/\/keramikkhjornet.no\/wp-content\/uploads\/2024\/10\/IMG_5400-scaled.jpeg","width":1920,"height":2560,"caption":"haandlaget skulpturell keramikk vase"},{"@type":"BreadcrumbList","@id":"https:\/\/keramikkhjornet.no\/product\/handlaget-skulpturell-vase\/#breadcrumb","itemListElement":[{"@type":"ListItem","position":1,"name":"Home","item":"https:\/\/keramikkhjornet.no\/"},{"@type":"ListItem","position":2,"name":"Products","item":"https:\/\/ufbhfrrj.elementor.cloud\/shop\/"},{"@type":"ListItem","position":3,"name":"H\u00e5ndlaget Skulpturell Vase &#8211; Life"}]},{"@type":"WebSite","@id":"https:\/\/keramikkhjornet.no\/#website","url":"https:\/\/keramikkhjornet.no\/","name":"KeramikkHj\u00f8rnet","description":"keramikkverkstedet for alle","publisher":{"@id":"https:\/\/keramikkhjornet.no\/#organization"},"potentialAction":[{"@type":"SearchAction","target":{"@type":"EntryPoint","urlTemplate":"https:\/\/keramikkhjornet.no\/?s={search_term_string}"},"query-input":{"@type":"PropertyValueSpecification","valueRequired":true,"valueName":"search_term_string"}}],"inLanguage":"en-GB"},{"@type":"Organization","@id":"https:\/\/keramikkhjornet.no\/#organization","name":"KeramikkHj\u00f8rnet","url":"https:\/\/keramikkhjornet.no\/","logo":{"@type":"ImageObject","inLanguage":"en-GB","@id":"https:\/\/keramikkhjornet.no\/#\/schema\/logo\/image\/","url":"https:\/\/keramikkhjornet.no\/wp-content\/uploads\/2024\/04\/Logo-v2-Website.png","contentUrl":"https:\/\/keramikkhjornet.no\/wp-content\/uploads\/2024\/04\/Logo-v2-Website.png","width":1366,"height":768,"caption":"KeramikkHj\u00f8rnet"},"image":{"@id":"https:\/\/keramikkhjornet.no\/#\/schema\/logo\/image\/"},"sameAs":["https:\/\/www.facebook.com\/KeramikkHjornet","https:\/\/www.instagram.com\/keramikkhjornet"]}]}},"_links":{"self":[{"href":"https:\/\/keramikkhjornet.no\/en\/wp-json\/wp\/v2\/product\/1833","targetHints":{"allow":["GET"]}}],"collection":[{"href":"https:\/\/keramikkhjornet.no\/en\/wp-json\/wp\/v2\/product"}],"about":[{"href":"https:\/\/keramikkhjornet.no\/en\/wp-json\/wp\/v2\/types\/product"}],"replies":[{"embeddable":true,"href":"https:\/\/keramikkhjornet.no\/en\/wp-json\/wp\/v2\/comments?post=1833"}],"wp:featuredmedia":[{"embeddable":true,"href":"https:\/\/keramikkhjornet.no\/en\/wp-json\/wp\/v2\/media\/1835"}],"wp:attachment":[{"href":"https:\/\/keramikkhjornet.no\/en\/wp-json\/wp\/v2\/media?parent=1833"}],"wp:term":[{"taxonomy":"product_brand","embeddable":true,"href":"https:\/\/keramikkhjornet.no\/en\/wp-json\/wp\/v2\/product_brand?post=1833"},{"taxonomy":"product_cat","embeddable":true,"href":"https:\/\/keramikkhjornet.no\/en\/wp-json\/wp\/v2\/product_cat?post=1833"},{"taxonomy":"product_tag","embeddable":true,"href":"https:\/\/keramikkhjornet.no\/en\/wp-json\/wp\/v2\/product_tag?post=1833"}],"curies":[{"name":"wp","href":"https:\/\/api.w.org\/{rel}","templated":true}]}}