{"id":1669,"date":"2024-09-02T14:28:47","date_gmt":"2024-09-02T14:28:47","guid":{"rendered":"https:\/\/keramikkhjornet.no\/?post_type=product&#038;p=1669"},"modified":"2024-11-25T16:01:35","modified_gmt":"2024-11-25T16:01:35","slug":"handlaget-keramikk-telysholder-alien","status":"publish","type":"product","link":"https:\/\/keramikkhjornet.no\/en\/product\/handlaget-keramikk-telysholder-alien\/","title":{"rendered":"Handmade Ceramic Tealight Holder \u2013 Alien"},"content":{"rendered":"<p><strong>Ceramic artist: Mariana Berezovska<\/strong><\/p>\n<p>A beautiful, handmade tealight holder, Raku-fired and decorated with a special technique. This tealight holder can also be used as a jewelry box or as a decorative element in your home.<\/p>\n<p>Telysholderen er ferdiglaget og kan sendes i l\u00f8pet av f\u00e5 dager.<\/p>\n<p><strong>Approximate dimensions:<\/strong><\/p>\n<ul>\n<li>Height 12,8 cm<\/li>\n<li>Depth 12.2 cm<\/li>\n<li>Width 13.7 cm<\/li>\n<\/ul>\n<p>Please wash by hand.<\/p>\n<p>All objects are made with great love in the workshop in Vollen, Norway, a small town by the Oslofjord. See more about the workshop on Instagram @keramikkhjornet.<\/p>\n<p><strong>PACKAGING<\/strong><\/p>\n<p>Packing ceramics requires careful wrapping to prevent damage. I use new paper and string to wrap the ceramics, and reuse boxes and protective materials to reduce waste.<\/p>\n<p>Feel free to get in touch if you\u2019d like more information at keramikkhjornet@gmail.com. <a rel=\"noopener\">keramikkhjornet@gmail.com<\/a>.<\/p>","protected":false},"excerpt":{"rendered":"<p>Keramiker: Mariana Berezovska En vakker, h\u00e5ndlaget telysholder, Raku-brent og dekorert med en spesiell teknikk. Denne telysholderen kan ogs\u00e5 brukes som smykkeskrin eller som et dekorativt element i hjemmet ditt. Telysholderen er ferdiglaget og kan sendes i l\u00f8pet av f\u00e5 dager. Omtrentlige dimensjoner: H\u00f8yde: 12,8 cm Dybde: 12,2 cm Bredde: 13,7 cm Vennligst vask for h\u00e5nd. [&hellip;]<\/p>\n","protected":false},"featured_media":1670,"comment_status":"open","ping_status":"closed","template":"","meta":[],"product_brand":[],"product_cat":[35],"product_tag":[41,40,43,42],"class_list":{"0":"post-1669","1":"product","2":"type-product","3":"status-publish","4":"has-post-thumbnail","6":"product_cat-keramikk","7":"product_tag-keramikk-telysholder","8":"product_tag-nandlaget-keramikk","9":"product_tag-raku-brent-keramikk","10":"product_tag-raku-brent-telysholder","11":"product_shipping_class-liten-pakke","13":"first","14":"instock","15":"sold-individually","16":"taxable","17":"shipping-taxable","18":"purchasable","19":"product-type-simple"},"yoast_head":"<!-- This site is optimized with the Yoast SEO plugin v25.9 - https:\/\/yoast.com\/wordpress\/plugins\/seo\/ -->\n<title>H\u00e5ndlaget Keramisk Telysholder - Alien | KeramikkHj\u00f8rnet<\/title>\n<meta name=\"description\" content=\"En vakker h\u00e5ndlaget keramikk vase kan brukes som en blomstervase eller som et skulpturelt element i ditt hjem. Utforske mer keramikk p\u00e5 nettbutikken v\u00e5r.\" \/>\n<meta name=\"robots\" content=\"index, follow, max-snippet:-1, max-image-preview:large, max-video-preview:-1\" \/>\n<link rel=\"canonical\" href=\"https:\/\/keramikkhjornet.no\/en\/product\/handlaget-keramikk-telysholder-alien\/\" \/>\n<meta property=\"og:locale\" content=\"en_GB\" \/>\n<meta property=\"og:type\" content=\"article\" \/>\n<meta property=\"og:title\" content=\"H\u00e5ndlaget Keramisk Telysholder - Alien | KeramikkHj\u00f8rnet\" \/>\n<meta property=\"og:description\" content=\"En vakker h\u00e5ndlaget keramikk vase kan brukes som en blomstervase eller som et skulpturelt element i ditt hjem. Utforske mer keramikk p\u00e5 nettbutikken v\u00e5r.\" \/>\n<meta property=\"og:url\" content=\"https:\/\/keramikkhjornet.no\/en\/product\/handlaget-keramikk-telysholder-alien\/\" \/>\n<meta property=\"og:site_name\" content=\"KeramikkHj\u00f8rnet\" \/>\n<meta property=\"article:publisher\" content=\"https:\/\/www.facebook.com\/KeramikkHjornet\" \/>\n<meta property=\"article:modified_time\" content=\"2024-11-25T16:01:35+00:00\" \/>\n<meta property=\"og:image\" content=\"https:\/\/keramikkhjornet.no\/wp-content\/uploads\/2024\/09\/IMG_4606-scaled.jpeg\" \/>\n\t<meta property=\"og:image:width\" content=\"1920\" \/>\n\t<meta property=\"og:image:height\" content=\"2560\" \/>\n\t<meta property=\"og:image:type\" content=\"image\/jpeg\" \/>\n<meta name=\"twitter:card\" content=\"summary_large_image\" \/>\n<meta name=\"twitter:label1\" content=\"Estimated reading time\" \/>\n\t<meta name=\"twitter:data1\" content=\"1 minute\" \/>\n<script type=\"application\/ld+json\" class=\"yoast-schema-graph\">{\"@context\":\"https:\/\/schema.org\",\"@graph\":[{\"@type\":\"WebPage\",\"@id\":\"https:\/\/keramikkhjornet.no\/product\/handlaget-keramikk-telysholder-alien\/\",\"url\":\"https:\/\/keramikkhjornet.no\/product\/handlaget-keramikk-telysholder-alien\/\",\"name\":\"H\u00e5ndlaget Keramisk Telysholder - Alien | KeramikkHj\u00f8rnet\",\"isPartOf\":{\"@id\":\"https:\/\/keramikkhjornet.no\/#website\"},\"primaryImageOfPage\":{\"@id\":\"https:\/\/keramikkhjornet.no\/product\/handlaget-keramikk-telysholder-alien\/#primaryimage\"},\"image\":{\"@id\":\"https:\/\/keramikkhjornet.no\/product\/handlaget-keramikk-telysholder-alien\/#primaryimage\"},\"thumbnailUrl\":\"https:\/\/keramikkhjornet.no\/wp-content\/uploads\/2024\/09\/IMG_4606-scaled.jpeg\",\"datePublished\":\"2024-09-02T14:28:47+00:00\",\"dateModified\":\"2024-11-25T16:01:35+00:00\",\"description\":\"En vakker h\u00e5ndlaget keramikk vase kan brukes som en blomstervase eller som et skulpturelt element i ditt hjem. Utforske mer keramikk p\u00e5 nettbutikken v\u00e5r.\",\"breadcrumb\":{\"@id\":\"https:\/\/keramikkhjornet.no\/product\/handlaget-keramikk-telysholder-alien\/#breadcrumb\"},\"inLanguage\":\"en-GB\",\"potentialAction\":[{\"@type\":\"ReadAction\",\"target\":[\"https:\/\/keramikkhjornet.no\/product\/handlaget-keramikk-telysholder-alien\/\"]}]},{\"@type\":\"ImageObject\",\"inLanguage\":\"en-GB\",\"@id\":\"https:\/\/keramikkhjornet.no\/product\/handlaget-keramikk-telysholder-alien\/#primaryimage\",\"url\":\"https:\/\/keramikkhjornet.no\/wp-content\/uploads\/2024\/09\/IMG_4606-scaled.jpeg\",\"contentUrl\":\"https:\/\/keramikkhjornet.no\/wp-content\/uploads\/2024\/09\/IMG_4606-scaled.jpeg\",\"width\":1920,\"height\":2560,\"caption\":\"keramikk boks\"},{\"@type\":\"BreadcrumbList\",\"@id\":\"https:\/\/keramikkhjornet.no\/product\/handlaget-keramikk-telysholder-alien\/#breadcrumb\",\"itemListElement\":[{\"@type\":\"ListItem\",\"position\":1,\"name\":\"Home\",\"item\":\"https:\/\/keramikkhjornet.no\/\"},{\"@type\":\"ListItem\",\"position\":2,\"name\":\"Products\",\"item\":\"https:\/\/ufbhfrrj.elementor.cloud\/shop\/\"},{\"@type\":\"ListItem\",\"position\":3,\"name\":\"H\u00e5ndlaget Keramisk Telysholder &#8211; Alien\"}]},{\"@type\":\"WebSite\",\"@id\":\"https:\/\/keramikkhjornet.no\/#website\",\"url\":\"https:\/\/keramikkhjornet.no\/\",\"name\":\"KeramikkHj\u00f8rnet\",\"description\":\"keramikkverkstedet for alle\",\"publisher\":{\"@id\":\"https:\/\/keramikkhjornet.no\/#organization\"},\"potentialAction\":[{\"@type\":\"SearchAction\",\"target\":{\"@type\":\"EntryPoint\",\"urlTemplate\":\"https:\/\/keramikkhjornet.no\/?s={search_term_string}\"},\"query-input\":{\"@type\":\"PropertyValueSpecification\",\"valueRequired\":true,\"valueName\":\"search_term_string\"}}],\"inLanguage\":\"en-GB\"},{\"@type\":\"Organization\",\"@id\":\"https:\/\/keramikkhjornet.no\/#organization\",\"name\":\"KeramikkHj\u00f8rnet\",\"url\":\"https:\/\/keramikkhjornet.no\/\",\"logo\":{\"@type\":\"ImageObject\",\"inLanguage\":\"en-GB\",\"@id\":\"https:\/\/keramikkhjornet.no\/#\/schema\/logo\/image\/\",\"url\":\"https:\/\/keramikkhjornet.no\/wp-content\/uploads\/2024\/04\/Logo-v2-Website.png\",\"contentUrl\":\"https:\/\/keramikkhjornet.no\/wp-content\/uploads\/2024\/04\/Logo-v2-Website.png\",\"width\":1366,\"height\":768,\"caption\":\"KeramikkHj\u00f8rnet\"},\"image\":{\"@id\":\"https:\/\/keramikkhjornet.no\/#\/schema\/logo\/image\/\"},\"sameAs\":[\"https:\/\/www.facebook.com\/KeramikkHjornet\",\"https:\/\/www.instagram.com\/keramikkhjornet\"]}]}<\/script>\n<!-- \/ Yoast SEO plugin. -->","yoast_head_json":{"title":"H\u00e5ndlaget Keramisk Telysholder - Alien | KeramikkHj\u00f8rnet","description":"En vakker h\u00e5ndlaget keramikk vase kan brukes som en blomstervase eller som et skulpturelt element i ditt hjem. Utforske mer keramikk p\u00e5 nettbutikken v\u00e5r.","robots":{"index":"index","follow":"follow","max-snippet":"max-snippet:-1","max-image-preview":"max-image-preview:large","max-video-preview":"max-video-preview:-1"},"canonical":"https:\/\/keramikkhjornet.no\/en\/product\/handlaget-keramikk-telysholder-alien\/","og_locale":"en_GB","og_type":"article","og_title":"H\u00e5ndlaget Keramisk Telysholder - Alien | KeramikkHj\u00f8rnet","og_description":"En vakker h\u00e5ndlaget keramikk vase kan brukes som en blomstervase eller som et skulpturelt element i ditt hjem. Utforske mer keramikk p\u00e5 nettbutikken v\u00e5r.","og_url":"https:\/\/keramikkhjornet.no\/en\/product\/handlaget-keramikk-telysholder-alien\/","og_site_name":"KeramikkHj\u00f8rnet","article_publisher":"https:\/\/www.facebook.com\/KeramikkHjornet","article_modified_time":"2024-11-25T16:01:35+00:00","og_image":[{"width":1920,"height":2560,"url":"https:\/\/keramikkhjornet.no\/wp-content\/uploads\/2024\/09\/IMG_4606-scaled.jpeg","type":"image\/jpeg"}],"twitter_card":"summary_large_image","twitter_misc":{"Estimated reading time":"1 minute"},"schema":{"@context":"https:\/\/schema.org","@graph":[{"@type":"WebPage","@id":"https:\/\/keramikkhjornet.no\/product\/handlaget-keramikk-telysholder-alien\/","url":"https:\/\/keramikkhjornet.no\/product\/handlaget-keramikk-telysholder-alien\/","name":"H\u00e5ndlaget Keramisk Telysholder - Alien | KeramikkHj\u00f8rnet","isPartOf":{"@id":"https:\/\/keramikkhjornet.no\/#website"},"primaryImageOfPage":{"@id":"https:\/\/keramikkhjornet.no\/product\/handlaget-keramikk-telysholder-alien\/#primaryimage"},"image":{"@id":"https:\/\/keramikkhjornet.no\/product\/handlaget-keramikk-telysholder-alien\/#primaryimage"},"thumbnailUrl":"https:\/\/keramikkhjornet.no\/wp-content\/uploads\/2024\/09\/IMG_4606-scaled.jpeg","datePublished":"2024-09-02T14:28:47+00:00","dateModified":"2024-11-25T16:01:35+00:00","description":"En vakker h\u00e5ndlaget keramikk vase kan brukes som en blomstervase eller som et skulpturelt element i ditt hjem. Utforske mer keramikk p\u00e5 nettbutikken v\u00e5r.","breadcrumb":{"@id":"https:\/\/keramikkhjornet.no\/product\/handlaget-keramikk-telysholder-alien\/#breadcrumb"},"inLanguage":"en-GB","potentialAction":[{"@type":"ReadAction","target":["https:\/\/keramikkhjornet.no\/product\/handlaget-keramikk-telysholder-alien\/"]}]},{"@type":"ImageObject","inLanguage":"en-GB","@id":"https:\/\/keramikkhjornet.no\/product\/handlaget-keramikk-telysholder-alien\/#primaryimage","url":"https:\/\/keramikkhjornet.no\/wp-content\/uploads\/2024\/09\/IMG_4606-scaled.jpeg","contentUrl":"https:\/\/keramikkhjornet.no\/wp-content\/uploads\/2024\/09\/IMG_4606-scaled.jpeg","width":1920,"height":2560,"caption":"keramikk boks"},{"@type":"BreadcrumbList","@id":"https:\/\/keramikkhjornet.no\/product\/handlaget-keramikk-telysholder-alien\/#breadcrumb","itemListElement":[{"@type":"ListItem","position":1,"name":"Home","item":"https:\/\/keramikkhjornet.no\/"},{"@type":"ListItem","position":2,"name":"Products","item":"https:\/\/ufbhfrrj.elementor.cloud\/shop\/"},{"@type":"ListItem","position":3,"name":"H\u00e5ndlaget Keramisk Telysholder &#8211; Alien"}]},{"@type":"WebSite","@id":"https:\/\/keramikkhjornet.no\/#website","url":"https:\/\/keramikkhjornet.no\/","name":"KeramikkHj\u00f8rnet","description":"keramikkverkstedet for alle","publisher":{"@id":"https:\/\/keramikkhjornet.no\/#organization"},"potentialAction":[{"@type":"SearchAction","target":{"@type":"EntryPoint","urlTemplate":"https:\/\/keramikkhjornet.no\/?s={search_term_string}"},"query-input":{"@type":"PropertyValueSpecification","valueRequired":true,"valueName":"search_term_string"}}],"inLanguage":"en-GB"},{"@type":"Organization","@id":"https:\/\/keramikkhjornet.no\/#organization","name":"KeramikkHj\u00f8rnet","url":"https:\/\/keramikkhjornet.no\/","logo":{"@type":"ImageObject","inLanguage":"en-GB","@id":"https:\/\/keramikkhjornet.no\/#\/schema\/logo\/image\/","url":"https:\/\/keramikkhjornet.no\/wp-content\/uploads\/2024\/04\/Logo-v2-Website.png","contentUrl":"https:\/\/keramikkhjornet.no\/wp-content\/uploads\/2024\/04\/Logo-v2-Website.png","width":1366,"height":768,"caption":"KeramikkHj\u00f8rnet"},"image":{"@id":"https:\/\/keramikkhjornet.no\/#\/schema\/logo\/image\/"},"sameAs":["https:\/\/www.facebook.com\/KeramikkHjornet","https:\/\/www.instagram.com\/keramikkhjornet"]}]}},"_links":{"self":[{"href":"https:\/\/keramikkhjornet.no\/en\/wp-json\/wp\/v2\/product\/1669","targetHints":{"allow":["GET"]}}],"collection":[{"href":"https:\/\/keramikkhjornet.no\/en\/wp-json\/wp\/v2\/product"}],"about":[{"href":"https:\/\/keramikkhjornet.no\/en\/wp-json\/wp\/v2\/types\/product"}],"replies":[{"embeddable":true,"href":"https:\/\/keramikkhjornet.no\/en\/wp-json\/wp\/v2\/comments?post=1669"}],"wp:featuredmedia":[{"embeddable":true,"href":"https:\/\/keramikkhjornet.no\/en\/wp-json\/wp\/v2\/media\/1670"}],"wp:attachment":[{"href":"https:\/\/keramikkhjornet.no\/en\/wp-json\/wp\/v2\/media?parent=1669"}],"wp:term":[{"taxonomy":"product_brand","embeddable":true,"href":"https:\/\/keramikkhjornet.no\/en\/wp-json\/wp\/v2\/product_brand?post=1669"},{"taxonomy":"product_cat","embeddable":true,"href":"https:\/\/keramikkhjornet.no\/en\/wp-json\/wp\/v2\/product_cat?post=1669"},{"taxonomy":"product_tag","embeddable":true,"href":"https:\/\/keramikkhjornet.no\/en\/wp-json\/wp\/v2\/product_tag?post=1669"}],"curies":[{"name":"wp","href":"https:\/\/api.w.org\/{rel}","templated":true}]}}