{"id":74,"date":"2024-04-11T14:57:58","date_gmt":"2024-04-11T14:57:58","guid":{"rendered":"https:\/\/keramikkhjornet.no\/contact\/"},"modified":"2024-11-04T16:31:39","modified_gmt":"2024-11-04T16:31:39","slug":"kontakt-oss","status":"publish","type":"page","link":"https:\/\/keramikkhjornet.no\/en\/kontakt-oss\/","title":{"rendered":"Contact us"},"content":{"rendered":"<div data-elementor-type=\"wp-page\" data-elementor-id=\"74\" class=\"elementor elementor-74\" data-elementor-post-type=\"page\">\n\t\t\t\t<div class=\"elementor-element elementor-element-5e747ce6 e-flex e-con-boxed e-con e-parent\" data-id=\"5e747ce6\" data-element_type=\"container\" data-e-type=\"container\" data-settings=\"{&quot;background_background&quot;:&quot;classic&quot;}\">\n\t\t\t\t\t<div class=\"e-con-inner\">\n\t\t<div class=\"elementor-element elementor-element-733dd0cc e-con-full e-flex e-con e-child\" data-id=\"733dd0cc\" data-element_type=\"container\" data-e-type=\"container\" data-settings=\"{&quot;background_background&quot;:&quot;classic&quot;}\">\n\t\t\t\t<div class=\"elementor-element elementor-element-5142c205 elementor-widget-tablet__width-inherit elementor-widget elementor-widget-icon-box\" data-id=\"5142c205\" data-element_type=\"widget\" data-e-type=\"widget\" data-widget_type=\"icon-box.default\">\n\t\t\t\t<div class=\"elementor-widget-container\">\n\t\t\t\t\t\t\t<div class=\"elementor-icon-box-wrapper\">\n\n\t\t\t\n\t\t\t\t\t\t<div class=\"elementor-icon-box-content\">\n\n\t\t\t\t\t\t\t\t\t<p class=\"elementor-icon-box-title\">\n\t\t\t\t\t\t<span  >\n\t\t\t\t\t\t\tAddress\t\t\t\t\t\t<\/span>\n\t\t\t\t\t<\/p>\n\t\t\t\t\n\t\t\t\t\t\t\t\t\t<p class=\"elementor-icon-box-description\">\n\t\t\t\t\t\tSlemmestadveien 432<br>\n1390 Vollen, Asker\t\t\t\t\t<\/p>\n\t\t\t\t\n\t\t\t<\/div>\n\t\t\t\n\t\t<\/div>\n\t\t\t\t\t\t<\/div>\n\t\t\t\t<\/div>\n\t\t\t\t<\/div>\n\t\t<div class=\"elementor-element elementor-element-7461f19b e-con-full e-flex e-con e-child\" data-id=\"7461f19b\" data-element_type=\"container\" data-e-type=\"container\" data-settings=\"{&quot;background_background&quot;:&quot;classic&quot;}\">\n\t\t\t\t<div class=\"elementor-element elementor-element-7d183ca elementor-widget__width-auto elementor-widget-tablet__width-inherit elementor-widget elementor-widget-icon-box\" data-id=\"7d183ca\" data-element_type=\"widget\" data-e-type=\"widget\" data-widget_type=\"icon-box.default\">\n\t\t\t\t<div class=\"elementor-widget-container\">\n\t\t\t\t\t\t\t<div class=\"elementor-icon-box-wrapper\">\n\n\t\t\t\n\t\t\t\t\t\t<div class=\"elementor-icon-box-content\">\n\n\t\t\t\t\t\t\t\t\t<p class=\"elementor-icon-box-title\">\n\t\t\t\t\t\t<span  >\n\t\t\t\t\t\t\tContact us\t\t\t\t\t\t<\/span>\n\t\t\t\t\t<\/p>\n\t\t\t\t\n\t\t\t\t\t\t\t\t\t<p class=\"elementor-icon-box-description\">\n\t\t\t\t\t\tkeramikkhjornet@gmail.com\n<br>\n+47 40169228\t\t\t\t\t<\/p>\n\t\t\t\t\n\t\t\t<\/div>\n\t\t\t\n\t\t<\/div>\n\t\t\t\t\t\t<\/div>\n\t\t\t\t<\/div>\n\t\t\t\t<\/div>\n\t\t<div class=\"elementor-element elementor-element-3983fedd e-con-full e-flex e-con e-child\" data-id=\"3983fedd\" data-element_type=\"container\" data-e-type=\"container\" data-settings=\"{&quot;background_background&quot;:&quot;classic&quot;}\">\n\t\t\t\t<div class=\"elementor-element elementor-element-6159a5a6 elementor-widget__width-auto elementor-widget-tablet__width-inherit elementor-widget elementor-widget-icon-box\" data-id=\"6159a5a6\" data-element_type=\"widget\" data-e-type=\"widget\" data-widget_type=\"icon-box.default\">\n\t\t\t\t<div class=\"elementor-widget-container\">\n\t\t\t\t\t\t\t<div class=\"elementor-icon-box-wrapper\">\n\n\t\t\t\n\t\t\t\t\t\t<div class=\"elementor-icon-box-content\">\n\n\t\t\t\t\t\t\t\t\t<p class=\"elementor-icon-box-title\">\n\t\t\t\t\t\t<span  >\n\t\t\t\t\t\t\tOpening hours\t\t\t\t\t\t<\/span>\n\t\t\t\t\t<\/p>\n\t\t\t\t\n\t\t\t\t\t\t\t\t\t<p class=\"elementor-icon-box-description\">\n\t\t\t\t\t\tetter avtale\t\t\t\t\t<\/p>\n\t\t\t\t\n\t\t\t<\/div>\n\t\t\t\n\t\t<\/div>\n\t\t\t\t\t\t<\/div>\n\t\t\t\t<\/div>\n\t\t\t\t<\/div>\n\t\t\t\t\t<\/div>\n\t\t\t\t<\/div>\n\t\t\t\t<\/div>","protected":false},"excerpt":{"rendered":"<p>Adresse Slemmestadveien 432 1390 Vollen, Asker Kontakt oss keramikkhjornet@gmail.com +47 40169228 \u00c5pningstider etter avtale<\/p>","protected":false},"author":1,"featured_media":78,"parent":0,"menu_order":0,"comment_status":"closed","ping_status":"closed","template":"elementor_header_footer","meta":{"footnotes":""},"class_list":["post-74","page","type-page","status-publish","has-post-thumbnail","hentry"],"yoast_head":"<!-- This site is optimized with the Yoast SEO plugin v25.9 - https:\/\/yoast.com\/wordpress\/plugins\/seo\/ -->\n<title>Kontakt oss | KeramikkHj\u00f8rnet<\/title>\n<meta name=\"description\" content=\"Kontakt oss hvis du lurer p\u00e5 noe om keramikkverkstedet og galleriet, medlemskap eller keramikkurs. Vi gleder oss til \u00e5 h\u00f8re fra deg!\" \/>\n<meta name=\"robots\" content=\"index, follow, max-snippet:-1, max-image-preview:large, max-video-preview:-1\" \/>\n<link rel=\"canonical\" href=\"https:\/\/keramikkhjornet.no\/en\/kontakt-oss\/\" \/>\n<meta property=\"og:locale\" content=\"en_GB\" \/>\n<meta property=\"og:type\" content=\"article\" \/>\n<meta property=\"og:title\" content=\"Kontakt oss | KeramikkHj\u00f8rnet\" \/>\n<meta property=\"og:description\" content=\"Kontakt oss hvis du lurer p\u00e5 noe om keramikkverkstedet og galleriet, medlemskap eller keramikkurs. Vi gleder oss til \u00e5 h\u00f8re fra deg!\" \/>\n<meta property=\"og:url\" content=\"https:\/\/keramikkhjornet.no\/en\/kontakt-oss\/\" \/>\n<meta property=\"og:site_name\" content=\"KeramikkHj\u00f8rnet\" \/>\n<meta property=\"article:publisher\" content=\"https:\/\/www.facebook.com\/KeramikkHjornet\" \/>\n<meta property=\"article:modified_time\" content=\"2024-11-04T16:31:39+00:00\" \/>\n<meta property=\"og:image\" content=\"https:\/\/keramikkhjornet.no\/wp-content\/uploads\/2024\/04\/Contact.jpg\" \/>\n\t<meta property=\"og:image:width\" content=\"400\" \/>\n\t<meta property=\"og:image:height\" content=\"380\" \/>\n\t<meta property=\"og:image:type\" content=\"image\/jpeg\" \/>\n<meta name=\"twitter:card\" content=\"summary_large_image\" \/>\n<meta name=\"twitter:label1\" content=\"Estimated reading time\" \/>\n\t<meta name=\"twitter:data1\" content=\"1 minute\" \/>\n<script type=\"application\/ld+json\" class=\"yoast-schema-graph\">{\"@context\":\"https:\/\/schema.org\",\"@graph\":[{\"@type\":\"WebPage\",\"@id\":\"https:\/\/keramikkhjornet.no\/kontakt-oss\/\",\"url\":\"https:\/\/keramikkhjornet.no\/kontakt-oss\/\",\"name\":\"Kontakt oss | KeramikkHj\u00f8rnet\",\"isPartOf\":{\"@id\":\"https:\/\/keramikkhjornet.no\/#website\"},\"primaryImageOfPage\":{\"@id\":\"https:\/\/keramikkhjornet.no\/kontakt-oss\/#primaryimage\"},\"image\":{\"@id\":\"https:\/\/keramikkhjornet.no\/kontakt-oss\/#primaryimage\"},\"thumbnailUrl\":\"https:\/\/keramikkhjornet.no\/wp-content\/uploads\/2024\/04\/Contact.jpg\",\"datePublished\":\"2024-04-11T14:57:58+00:00\",\"dateModified\":\"2024-11-04T16:31:39+00:00\",\"description\":\"Kontakt oss hvis du lurer p\u00e5 noe om keramikkverkstedet og galleriet, medlemskap eller keramikkurs. Vi gleder oss til \u00e5 h\u00f8re fra deg!\",\"breadcrumb\":{\"@id\":\"https:\/\/keramikkhjornet.no\/kontakt-oss\/#breadcrumb\"},\"inLanguage\":\"en-GB\",\"potentialAction\":[{\"@type\":\"ReadAction\",\"target\":[\"https:\/\/keramikkhjornet.no\/kontakt-oss\/\"]}]},{\"@type\":\"ImageObject\",\"inLanguage\":\"en-GB\",\"@id\":\"https:\/\/keramikkhjornet.no\/kontakt-oss\/#primaryimage\",\"url\":\"https:\/\/keramikkhjornet.no\/wp-content\/uploads\/2024\/04\/Contact.jpg\",\"contentUrl\":\"https:\/\/keramikkhjornet.no\/wp-content\/uploads\/2024\/04\/Contact.jpg\",\"width\":400,\"height\":380},{\"@type\":\"BreadcrumbList\",\"@id\":\"https:\/\/keramikkhjornet.no\/kontakt-oss\/#breadcrumb\",\"itemListElement\":[{\"@type\":\"ListItem\",\"position\":1,\"name\":\"Home\",\"item\":\"https:\/\/keramikkhjornet.no\/\"},{\"@type\":\"ListItem\",\"position\":2,\"name\":\"Kontakt oss\"}]},{\"@type\":\"WebSite\",\"@id\":\"https:\/\/keramikkhjornet.no\/#website\",\"url\":\"https:\/\/keramikkhjornet.no\/\",\"name\":\"KeramikkHj\u00f8rnet\",\"description\":\"keramikkverkstedet for alle\",\"publisher\":{\"@id\":\"https:\/\/keramikkhjornet.no\/#organization\"},\"potentialAction\":[{\"@type\":\"SearchAction\",\"target\":{\"@type\":\"EntryPoint\",\"urlTemplate\":\"https:\/\/keramikkhjornet.no\/?s={search_term_string}\"},\"query-input\":{\"@type\":\"PropertyValueSpecification\",\"valueRequired\":true,\"valueName\":\"search_term_string\"}}],\"inLanguage\":\"en-GB\"},{\"@type\":\"Organization\",\"@id\":\"https:\/\/keramikkhjornet.no\/#organization\",\"name\":\"KeramikkHj\u00f8rnet\",\"url\":\"https:\/\/keramikkhjornet.no\/\",\"logo\":{\"@type\":\"ImageObject\",\"inLanguage\":\"en-GB\",\"@id\":\"https:\/\/keramikkhjornet.no\/#\/schema\/logo\/image\/\",\"url\":\"https:\/\/keramikkhjornet.no\/wp-content\/uploads\/2024\/04\/Logo-v2-Website.png\",\"contentUrl\":\"https:\/\/keramikkhjornet.no\/wp-content\/uploads\/2024\/04\/Logo-v2-Website.png\",\"width\":1366,\"height\":768,\"caption\":\"KeramikkHj\u00f8rnet\"},\"image\":{\"@id\":\"https:\/\/keramikkhjornet.no\/#\/schema\/logo\/image\/\"},\"sameAs\":[\"https:\/\/www.facebook.com\/KeramikkHjornet\",\"https:\/\/www.instagram.com\/keramikkhjornet\"]}]}<\/script>\n<!-- \/ Yoast SEO plugin. -->","yoast_head_json":{"title":"Kontakt oss | KeramikkHj\u00f8rnet","description":"Kontakt oss hvis du lurer p\u00e5 noe om keramikkverkstedet og galleriet, medlemskap eller keramikkurs. Vi gleder oss til \u00e5 h\u00f8re fra deg!","robots":{"index":"index","follow":"follow","max-snippet":"max-snippet:-1","max-image-preview":"max-image-preview:large","max-video-preview":"max-video-preview:-1"},"canonical":"https:\/\/keramikkhjornet.no\/en\/kontakt-oss\/","og_locale":"en_GB","og_type":"article","og_title":"Kontakt oss | KeramikkHj\u00f8rnet","og_description":"Kontakt oss hvis du lurer p\u00e5 noe om keramikkverkstedet og galleriet, medlemskap eller keramikkurs. Vi gleder oss til \u00e5 h\u00f8re fra deg!","og_url":"https:\/\/keramikkhjornet.no\/en\/kontakt-oss\/","og_site_name":"KeramikkHj\u00f8rnet","article_publisher":"https:\/\/www.facebook.com\/KeramikkHjornet","article_modified_time":"2024-11-04T16:31:39+00:00","og_image":[{"width":400,"height":380,"url":"https:\/\/keramikkhjornet.no\/wp-content\/uploads\/2024\/04\/Contact.jpg","type":"image\/jpeg"}],"twitter_card":"summary_large_image","twitter_misc":{"Estimated reading time":"1 minute"},"schema":{"@context":"https:\/\/schema.org","@graph":[{"@type":"WebPage","@id":"https:\/\/keramikkhjornet.no\/kontakt-oss\/","url":"https:\/\/keramikkhjornet.no\/kontakt-oss\/","name":"Kontakt oss | KeramikkHj\u00f8rnet","isPartOf":{"@id":"https:\/\/keramikkhjornet.no\/#website"},"primaryImageOfPage":{"@id":"https:\/\/keramikkhjornet.no\/kontakt-oss\/#primaryimage"},"image":{"@id":"https:\/\/keramikkhjornet.no\/kontakt-oss\/#primaryimage"},"thumbnailUrl":"https:\/\/keramikkhjornet.no\/wp-content\/uploads\/2024\/04\/Contact.jpg","datePublished":"2024-04-11T14:57:58+00:00","dateModified":"2024-11-04T16:31:39+00:00","description":"Kontakt oss hvis du lurer p\u00e5 noe om keramikkverkstedet og galleriet, medlemskap eller keramikkurs. Vi gleder oss til \u00e5 h\u00f8re fra deg!","breadcrumb":{"@id":"https:\/\/keramikkhjornet.no\/kontakt-oss\/#breadcrumb"},"inLanguage":"en-GB","potentialAction":[{"@type":"ReadAction","target":["https:\/\/keramikkhjornet.no\/kontakt-oss\/"]}]},{"@type":"ImageObject","inLanguage":"en-GB","@id":"https:\/\/keramikkhjornet.no\/kontakt-oss\/#primaryimage","url":"https:\/\/keramikkhjornet.no\/wp-content\/uploads\/2024\/04\/Contact.jpg","contentUrl":"https:\/\/keramikkhjornet.no\/wp-content\/uploads\/2024\/04\/Contact.jpg","width":400,"height":380},{"@type":"BreadcrumbList","@id":"https:\/\/keramikkhjornet.no\/kontakt-oss\/#breadcrumb","itemListElement":[{"@type":"ListItem","position":1,"name":"Home","item":"https:\/\/keramikkhjornet.no\/"},{"@type":"ListItem","position":2,"name":"Kontakt oss"}]},{"@type":"WebSite","@id":"https:\/\/keramikkhjornet.no\/#website","url":"https:\/\/keramikkhjornet.no\/","name":"KeramikkHj\u00f8rnet","description":"keramikkverkstedet for alle","publisher":{"@id":"https:\/\/keramikkhjornet.no\/#organization"},"potentialAction":[{"@type":"SearchAction","target":{"@type":"EntryPoint","urlTemplate":"https:\/\/keramikkhjornet.no\/?s={search_term_string}"},"query-input":{"@type":"PropertyValueSpecification","valueRequired":true,"valueName":"search_term_string"}}],"inLanguage":"en-GB"},{"@type":"Organization","@id":"https:\/\/keramikkhjornet.no\/#organization","name":"KeramikkHj\u00f8rnet","url":"https:\/\/keramikkhjornet.no\/","logo":{"@type":"ImageObject","inLanguage":"en-GB","@id":"https:\/\/keramikkhjornet.no\/#\/schema\/logo\/image\/","url":"https:\/\/keramikkhjornet.no\/wp-content\/uploads\/2024\/04\/Logo-v2-Website.png","contentUrl":"https:\/\/keramikkhjornet.no\/wp-content\/uploads\/2024\/04\/Logo-v2-Website.png","width":1366,"height":768,"caption":"KeramikkHj\u00f8rnet"},"image":{"@id":"https:\/\/keramikkhjornet.no\/#\/schema\/logo\/image\/"},"sameAs":["https:\/\/www.facebook.com\/KeramikkHjornet","https:\/\/www.instagram.com\/keramikkhjornet"]}]}},"_links":{"self":[{"href":"https:\/\/keramikkhjornet.no\/en\/wp-json\/wp\/v2\/pages\/74","targetHints":{"allow":["GET"]}}],"collection":[{"href":"https:\/\/keramikkhjornet.no\/en\/wp-json\/wp\/v2\/pages"}],"about":[{"href":"https:\/\/keramikkhjornet.no\/en\/wp-json\/wp\/v2\/types\/page"}],"author":[{"embeddable":true,"href":"https:\/\/keramikkhjornet.no\/en\/wp-json\/wp\/v2\/users\/1"}],"replies":[{"embeddable":true,"href":"https:\/\/keramikkhjornet.no\/en\/wp-json\/wp\/v2\/comments?post=74"}],"version-history":[{"count":25,"href":"https:\/\/keramikkhjornet.no\/en\/wp-json\/wp\/v2\/pages\/74\/revisions"}],"predecessor-version":[{"id":1881,"href":"https:\/\/keramikkhjornet.no\/en\/wp-json\/wp\/v2\/pages\/74\/revisions\/1881"}],"wp:featuredmedia":[{"embeddable":true,"href":"https:\/\/keramikkhjornet.no\/en\/wp-json\/wp\/v2\/media\/78"}],"wp:attachment":[{"href":"https:\/\/keramikkhjornet.no\/en\/wp-json\/wp\/v2\/media?parent=74"}],"curies":[{"name":"wp","href":"https:\/\/api.w.org\/{rel}","templated":true}]}}