{"id":1945,"date":"2024-12-02T13:13:08","date_gmt":"2024-12-02T13:13:08","guid":{"rendered":"https:\/\/keramikkhjornet.no\/?page_id=1945"},"modified":"2025-02-12T14:18:33","modified_gmt":"2025-02-12T14:18:33","slug":"keramikkurs-for-barn","status":"publish","type":"page","link":"https:\/\/keramikkhjornet.no\/en\/keramikkurs-for-barn\/","title":{"rendered":"Keramikkurs for barn"},"content":{"rendered":"\t\t<div data-elementor-type=\"wp-page\" data-elementor-id=\"1945\" class=\"elementor elementor-1945\" data-elementor-post-type=\"page\">\n\t\t\t\t<div class=\"elementor-element elementor-element-0c25efe e-flex e-con-boxed e-con e-parent\" data-id=\"0c25efe\" data-element_type=\"container\" data-e-type=\"container\">\n\t\t\t\t\t<div class=\"e-con-inner\">\n\t\t\t\t<div class=\"elementor-element elementor-element-adb6f15 elementor-widget elementor-widget-spacer\" data-id=\"adb6f15\" data-element_type=\"widget\" data-e-type=\"widget\" data-widget_type=\"spacer.default\">\n\t\t\t\t<div class=\"elementor-widget-container\">\n\t\t\t\t\t\t\t<div class=\"elementor-spacer\">\n\t\t\t<div class=\"elementor-spacer-inner\"><\/div>\n\t\t<\/div>\n\t\t\t\t\t\t<\/div>\n\t\t\t\t<\/div>\n\t\t\t\t<div class=\"elementor-element elementor-element-89fcb77 elementor-widget elementor-widget-heading\" data-id=\"89fcb77\" data-element_type=\"widget\" data-e-type=\"widget\" data-widget_type=\"heading.default\">\n\t\t\t\t<div class=\"elementor-widget-container\">\n\t\t\t\t\t<h1 class=\"elementor-heading-title elementor-size-default\">keramikkurs for Barn<\/h1>\t\t\t\t<\/div>\n\t\t\t\t<\/div>\n\t\t\t\t\t<\/div>\n\t\t\t\t<\/div>\n\t\t<div class=\"elementor-element elementor-element-358b76f e-flex e-con-boxed e-con e-parent\" data-id=\"358b76f\" data-element_type=\"container\" data-e-type=\"container\">\n\t\t\t\t\t<div class=\"e-con-inner\">\n\t\t\t\t<div class=\"elementor-element elementor-element-2ae5345 elementor-widget elementor-widget-heading\" data-id=\"2ae5345\" data-element_type=\"widget\" data-e-type=\"widget\" data-widget_type=\"heading.default\">\n\t\t\t\t<div class=\"elementor-widget-container\">\n\t\t\t\t\t<h2 class=\"elementor-heading-title elementor-size-default\">1-times keramikkurs<\/h2>\t\t\t\t<\/div>\n\t\t\t\t<\/div>\n\t\t\t\t<div class=\"elementor-element elementor-element-887d8c5 elementor-widget elementor-widget-spacer\" data-id=\"887d8c5\" data-element_type=\"widget\" data-e-type=\"widget\" data-widget_type=\"spacer.default\">\n\t\t\t\t<div class=\"elementor-widget-container\">\n\t\t\t\t\t\t\t<div class=\"elementor-spacer\">\n\t\t\t<div class=\"elementor-spacer-inner\"><\/div>\n\t\t<\/div>\n\t\t\t\t\t\t<\/div>\n\t\t\t\t<\/div>\n\t\t\t\t\t<\/div>\n\t\t\t\t<\/div>\n\t\t<div class=\"elementor-element elementor-element-d7aacc4 e-con-full e-flex e-con e-parent\" data-id=\"d7aacc4\" data-element_type=\"container\" data-e-type=\"container\">\n\t\t<div class=\"elementor-element elementor-element-03179df e-con-full e-flex e-con e-child\" data-id=\"03179df\" data-element_type=\"container\" data-e-type=\"container\">\n\t\t\t\t<div class=\"elementor-element elementor-element-c0a0724 elementor-widget elementor-widget-text-editor\" data-id=\"c0a0724\" data-element_type=\"widget\" data-e-type=\"widget\" data-widget_type=\"text-editor.default\">\n\t\t\t\t<div class=\"elementor-widget-container\">\n\t\t\t\t\t\t\t\t\t<p>onsdag 19. februar (fullt)<\/p><p>onsdag 19. mars<\/p><p><span style=\"color: var( --e-global-color-text ); font-family: var( --e-global-typography-text-font-family ), Sans-serif; font-size: var( --e-global-typography-text-font-size ); font-style: var( --e-global-typography-text-font-style ); font-weight: var( --e-global-typography-text-font-weight ); text-transform: var( --e-global-typography-text-text-transform ); text-align: var(--text-align); background-color: var( --e-global-color-5ba0249 );\">18:00 &#8211; 19:00\u00a0<\/span><\/p><p><strong>KeramikkHj\u00f8rnet\u00a0<\/strong><\/p>\t\t\t\t\t\t\t\t<\/div>\n\t\t\t\t<\/div>\n\t\t\t\t<\/div>\n\t\t\t\t<div class=\"elementor-element elementor-element-6117d61 elementor-widget__width-initial elementor-widget elementor-widget-spacer\" data-id=\"6117d61\" data-element_type=\"widget\" data-e-type=\"widget\" data-widget_type=\"spacer.default\">\n\t\t\t\t<div class=\"elementor-widget-container\">\n\t\t\t\t\t\t\t<div class=\"elementor-spacer\">\n\t\t\t<div class=\"elementor-spacer-inner\"><\/div>\n\t\t<\/div>\n\t\t\t\t\t\t<\/div>\n\t\t\t\t<\/div>\n\t\t<div class=\"elementor-element elementor-element-55ea5f0 e-con-full e-flex e-con e-child\" data-id=\"55ea5f0\" data-element_type=\"container\" data-e-type=\"container\">\n\t\t\t\t<div class=\"elementor-element elementor-element-2199730 elementor-widget elementor-widget-spacer\" data-id=\"2199730\" data-element_type=\"widget\" data-e-type=\"widget\" data-widget_type=\"spacer.default\">\n\t\t\t\t<div class=\"elementor-widget-container\">\n\t\t\t\t\t\t\t<div class=\"elementor-spacer\">\n\t\t\t<div class=\"elementor-spacer-inner\"><\/div>\n\t\t<\/div>\n\t\t\t\t\t\t<\/div>\n\t\t\t\t<\/div>\n\t\t\t\t<div class=\"elementor-element elementor-element-cca8dea elementor-widget__width-initial elementor-widget elementor-widget-text-editor\" data-id=\"cca8dea\" data-element_type=\"widget\" data-e-type=\"widget\" data-widget_type=\"text-editor.default\">\n\t\t\t\t<div class=\"elementor-widget-container\">\n\t\t\t\t\t\t\t\t\t<p>FOR BARN 5-13 \u00c5R I F\u00d8LGE MED VOKSEN<\/p><p>Dette 1-times keramikkurset er perfekt for foreldre og barn som \u00f8nsker \u00e5 pr\u00f8ve en ny opplevelse sammen og utforske grunnleggende teknikker i keramikk.<\/p><p>Dere kan lage en liten skulptur, vase, kopp eller sk\u00e5l som enten kan v\u00e6re en gave eller brukes hjemme.<\/p><p>Det dere lager, vil bli brent og glasert med gjennomsiktig glasur. Etter 3-4 uker kan dere hente deres nye, h\u00e5ndlagde keramikk.<\/p><p>Materialer og brennkostnader er inkludert i kursavgiften.<\/p><p><span style=\"color: var( --e-global-color-text ); font-family: var( --e-global-typography-text-font-family ), Sans-serif; font-size: var( --e-global-typography-text-font-size ); font-style: var( --e-global-typography-text-font-style ); font-weight: var( --e-global-typography-text-font-weight ); text-transform: var( --e-global-typography-text-text-transform ); text-align: var(--text-align); background-color: var( --e-global-color-5ba0249 );\">Vi holder dette kurset p\u00e5 hverdagskvelder &#8211; velg fra tilgjengelige datoene.<\/span><\/p><p><strong>Pris: 450 kr per gang for b\u00e5de barnet og voksen.<\/strong><\/p>\t\t\t\t\t\t\t\t<\/div>\n\t\t\t\t<\/div>\n\t\t\t\t<\/div>\n\t\t<div class=\"elementor-element elementor-element-0a245eb e-con-full e-flex e-con e-child\" data-id=\"0a245eb\" data-element_type=\"container\" data-e-type=\"container\">\n\t\t\t\t<div class=\"elementor-element elementor-element-3aa2b9e elementor-widget__width-initial elementor-widget elementor-widget-google_maps\" data-id=\"3aa2b9e\" data-element_type=\"widget\" data-e-type=\"widget\" data-widget_type=\"google_maps.default\">\n\t\t\t\t<div class=\"elementor-widget-container\">\n\t\t\t\t\t\t\t<div class=\"elementor-custom-embed\">\n\t\t\t<iframe loading=\"lazy\"\n\t\t\t\t\tsrc=\"https:\/\/maps.google.com\/maps?q=keramikkhj%C3%B8rnet&#038;t=m&#038;z=10&#038;output=embed&#038;iwloc=near\"\n\t\t\t\t\ttitle=\"keramikkhj\u00f8rnet\"\n\t\t\t\t\taria-label=\"keramikkhj\u00f8rnet\"\n\t\t\t><\/iframe>\n\t\t<\/div>\n\t\t\t\t\t\t<\/div>\n\t\t\t\t<\/div>\n\t\t\t\t<\/div>\n\t\t\t\t<div class=\"elementor-element elementor-element-d86fee9 elementor-widget__width-initial elementor-widget elementor-widget-spacer\" data-id=\"d86fee9\" data-element_type=\"widget\" data-e-type=\"widget\" data-widget_type=\"spacer.default\">\n\t\t\t\t<div class=\"elementor-widget-container\">\n\t\t\t\t\t\t\t<div class=\"elementor-spacer\">\n\t\t\t<div class=\"elementor-spacer-inner\"><\/div>\n\t\t<\/div>\n\t\t\t\t\t\t<\/div>\n\t\t\t\t<\/div>\n\t\t<div class=\"elementor-element elementor-element-a81921e e-con-full e-flex e-con e-child\" data-id=\"a81921e\" data-element_type=\"container\" data-e-type=\"container\">\n\t\t\t\t<div class=\"elementor-element elementor-element-c15d8dd elementor-button-align-start elementor-widget elementor-widget-form\" data-id=\"c15d8dd\" data-element_type=\"widget\" data-e-type=\"widget\" data-settings=\"{&quot;step_next_label&quot;:&quot;Next&quot;,&quot;step_previous_label&quot;:&quot;Previous&quot;,&quot;button_width&quot;:&quot;100&quot;,&quot;step_type&quot;:&quot;number_text&quot;,&quot;step_icon_shape&quot;:&quot;circle&quot;}\" data-widget_type=\"form.default\">\n\t\t\t\t<div class=\"elementor-widget-container\">\n\t\t\t\t\t\t\t<form class=\"elementor-form\" method=\"post\" id=\"taster_session_form\" name=\"New Form\" aria-label=\"New Form\">\n\t\t\t<input type=\"hidden\" name=\"post_id\" value=\"1945\"\/>\n\t\t\t<input type=\"hidden\" name=\"form_id\" value=\"c15d8dd\"\/>\n\t\t\t<input type=\"hidden\" name=\"referer_title\" value=\"KeramikkHj\u00f8rnet\" \/>\n\n\t\t\t\n\t\t\t<div class=\"elementor-form-fields-wrapper elementor-labels-\">\n\t\t\t\t\t\t\t\t<div class=\"elementor-field-type-text elementor-field-group elementor-column elementor-field-group-name elementor-col-100 elementor-field-required\">\n\t\t\t\t\t\t\t\t\t\t\t\t<label for=\"form-field-name\" class=\"elementor-field-label elementor-screen-only\">\n\t\t\t\t\t\t\t\tName\t\t\t\t\t\t\t<\/label>\n\t\t\t\t\t\t\t\t\t\t\t\t\t\t<input size=\"1\" type=\"text\" name=\"form_fields[name]\" id=\"form-field-name\" class=\"elementor-field elementor-size-sm  elementor-field-textual\" placeholder=\"Navn\" required=\"required\">\n\t\t\t\t\t\t\t\t\t\t\t<\/div>\n\t\t\t\t\t\t\t\t<div class=\"elementor-field-type-email elementor-field-group elementor-column elementor-field-group-email elementor-col-100 elementor-field-required\">\n\t\t\t\t\t\t\t\t\t\t\t\t<label for=\"form-field-email\" class=\"elementor-field-label elementor-screen-only\">\n\t\t\t\t\t\t\t\tEmail\t\t\t\t\t\t\t<\/label>\n\t\t\t\t\t\t\t\t\t\t\t\t\t\t<input size=\"1\" type=\"email\" name=\"form_fields[email]\" id=\"form-field-email\" class=\"elementor-field elementor-size-sm  elementor-field-textual\" placeholder=\"Email\" required=\"required\">\n\t\t\t\t\t\t\t\t\t\t\t<\/div>\n\t\t\t\t\t\t\t\t<div class=\"elementor-field-type-number elementor-field-group elementor-column elementor-field-group-field_e898314 elementor-col-100 elementor-field-required\">\n\t\t\t\t\t\t\t\t\t\t\t\t<label for=\"form-field-field_e898314\" class=\"elementor-field-label elementor-screen-only\">\n\t\t\t\t\t\t\t\tPhone number\t\t\t\t\t\t\t<\/label>\n\t\t\t\t\t\t\t\t\t<input type=\"number\" name=\"form_fields[field_e898314]\" id=\"form-field-field_e898314\" class=\"elementor-field elementor-size-sm  elementor-field-textual\" placeholder=\"Telefonnummeret\" required=\"required\" min=\"\" max=\"\" >\n\t\t\t\t\t\t<\/div>\n\t\t\t\t\t\t\t\t<div class=\"elementor-field-type-date elementor-field-group elementor-column elementor-field-group-field_442c825 elementor-col-100 elementor-field-required\">\n\t\t\t\t\t\t\t\t\t\t\t\t<label for=\"form-field-field_442c825\" class=\"elementor-field-label elementor-screen-only\">\n\t\t\t\t\t\t\t\tDate\t\t\t\t\t\t\t<\/label>\n\t\t\t\t\t\t\n\t\t<input type=\"date\" name=\"form_fields[field_442c825]\" id=\"form-field-field_442c825\" class=\"elementor-field elementor-size-sm  elementor-field-textual elementor-date-field\" placeholder=\"Kursdato\" required=\"required\" pattern=\"[0-9]{4}-[0-9]{2}-[0-9]{2}\" min=\"2024-12-03\" max=\"2025-06-30\">\n\t\t\t\t\t\t<\/div>\n\t\t\t\t\t\t\t\t<div class=\"elementor-field-group elementor-column elementor-field-type-submit elementor-col-100 e-form__buttons\">\n\t\t\t\t\t<button class=\"elementor-button elementor-size-sm\" type=\"submit\">\n\t\t\t\t\t\t<span class=\"elementor-button-content-wrapper\">\n\t\t\t\t\t\t\t\t\t\t\t\t\t\t\t\t\t\t\t\t\t\t<span class=\"elementor-button-text\">Book n\u00e5<\/span>\n\t\t\t\t\t\t\t\t\t\t\t\t\t<\/span>\n\t\t\t\t\t<\/button>\n\t\t\t\t<\/div>\n\t\t\t<\/div>\n\t\t<\/form>\n\t\t\t\t\t\t<\/div>\n\t\t\t\t<\/div>\n\t\t\t\t<\/div>\n\t\t\t\t<\/div>\n\t\t<div class=\"elementor-element elementor-element-68d1693 e-flex e-con-boxed e-con e-parent\" data-id=\"68d1693\" data-element_type=\"container\" data-e-type=\"container\">\n\t\t\t\t\t<div class=\"e-con-inner\">\n\t\t\t\t<div class=\"elementor-element elementor-element-13e19f9 elementor-widget elementor-widget-spacer\" data-id=\"13e19f9\" data-element_type=\"widget\" data-e-type=\"widget\" data-widget_type=\"spacer.default\">\n\t\t\t\t<div class=\"elementor-widget-container\">\n\t\t\t\t\t\t\t<div class=\"elementor-spacer\">\n\t\t\t<div class=\"elementor-spacer-inner\"><\/div>\n\t\t<\/div>\n\t\t\t\t\t\t<\/div>\n\t\t\t\t<\/div>\n\t\t\t\t\t<\/div>\n\t\t\t\t<\/div>\n\t\t\t\t<\/div>\n\t\t","protected":false},"excerpt":{"rendered":"<p>keramikkurs for Barn 1-times keramikkurs onsdag 19. februar (fullt) onsdag 19. mars 18:00 &#8211; 19:00\u00a0 KeramikkHj\u00f8rnet\u00a0 FOR BARN 5-13 \u00c5R I F\u00d8LGE MED VOKSEN Dette 1-times keramikkurset er perfekt for foreldre og barn som \u00f8nsker \u00e5 pr\u00f8ve en ny opplevelse sammen og utforske grunnleggende teknikker i keramikk. Dere kan lage en liten skulptur, vase, kopp [&hellip;]<\/p>\n","protected":false},"author":1,"featured_media":0,"parent":0,"menu_order":0,"comment_status":"closed","ping_status":"closed","template":"","meta":{"footnotes":""},"class_list":["post-1945","page","type-page","status-publish","hentry"],"yoast_head":"<!-- This site is optimized with the Yoast SEO plugin v25.9 - https:\/\/yoast.com\/wordpress\/plugins\/seo\/ -->\n<title>Keramikkurs for barn | KeramikkHj\u00f8rnet<\/title>\n<meta name=\"description\" content=\"Dette 3-timers kurset er perfekt for nybegynnere som \u00f8nsker \u00e5 pr\u00f8ve noe nytt og oppdage sine ferdigheter med leire.\" \/>\n<meta name=\"robots\" content=\"index, follow, max-snippet:-1, max-image-preview:large, max-video-preview:-1\" \/>\n<link rel=\"canonical\" href=\"https:\/\/keramikkhjornet.no\/en\/keramikkurs-for-barn\/\" \/>\n<meta property=\"og:locale\" content=\"en_GB\" \/>\n<meta property=\"og:type\" content=\"article\" \/>\n<meta property=\"og:title\" content=\"Keramikkurs for barn | KeramikkHj\u00f8rnet\" \/>\n<meta property=\"og:description\" content=\"Dette 3-timers kurset er perfekt for nybegynnere som \u00f8nsker \u00e5 pr\u00f8ve noe nytt og oppdage sine ferdigheter med leire.\" \/>\n<meta property=\"og:url\" content=\"https:\/\/keramikkhjornet.no\/en\/keramikkurs-for-barn\/\" \/>\n<meta property=\"og:site_name\" content=\"KeramikkHj\u00f8rnet\" \/>\n<meta property=\"article:publisher\" content=\"https:\/\/www.facebook.com\/KeramikkHjornet\" \/>\n<meta property=\"article:modified_time\" content=\"2025-02-12T14:18:33+00:00\" \/>\n<meta property=\"og:image\" content=\"https:\/\/keramikkhjornet.no\/wp-content\/uploads\/2024\/04\/KH-gangen-1024x1016.png\" \/>\n\t<meta property=\"og:image:width\" content=\"1024\" \/>\n\t<meta property=\"og:image:height\" content=\"1016\" \/>\n\t<meta property=\"og:image:type\" content=\"image\/png\" \/>\n<meta name=\"twitter:card\" content=\"summary_large_image\" \/>\n<meta name=\"twitter:label1\" content=\"Estimated reading time\" \/>\n\t<meta name=\"twitter:data1\" content=\"1 minute\" \/>\n<script type=\"application\/ld+json\" class=\"yoast-schema-graph\">{\"@context\":\"https:\/\/schema.org\",\"@graph\":[{\"@type\":\"WebPage\",\"@id\":\"https:\/\/keramikkhjornet.no\/keramikkurs-for-barn\/\",\"url\":\"https:\/\/keramikkhjornet.no\/keramikkurs-for-barn\/\",\"name\":\"Keramikkurs for barn | KeramikkHj\u00f8rnet\",\"isPartOf\":{\"@id\":\"https:\/\/keramikkhjornet.no\/#website\"},\"datePublished\":\"2024-12-02T13:13:08+00:00\",\"dateModified\":\"2025-02-12T14:18:33+00:00\",\"description\":\"Dette 3-timers kurset er perfekt for nybegynnere som \u00f8nsker \u00e5 pr\u00f8ve noe nytt og oppdage sine ferdigheter med leire.\",\"breadcrumb\":{\"@id\":\"https:\/\/keramikkhjornet.no\/keramikkurs-for-barn\/#breadcrumb\"},\"inLanguage\":\"en-GB\",\"potentialAction\":[{\"@type\":\"ReadAction\",\"target\":[\"https:\/\/keramikkhjornet.no\/keramikkurs-for-barn\/\"]}]},{\"@type\":\"BreadcrumbList\",\"@id\":\"https:\/\/keramikkhjornet.no\/keramikkurs-for-barn\/#breadcrumb\",\"itemListElement\":[{\"@type\":\"ListItem\",\"position\":1,\"name\":\"Home\",\"item\":\"https:\/\/keramikkhjornet.no\/\"},{\"@type\":\"ListItem\",\"position\":2,\"name\":\"Keramikkurs for barn\"}]},{\"@type\":\"WebSite\",\"@id\":\"https:\/\/keramikkhjornet.no\/#website\",\"url\":\"https:\/\/keramikkhjornet.no\/\",\"name\":\"KeramikkHj\u00f8rnet\",\"description\":\"keramikkverkstedet for alle\",\"publisher\":{\"@id\":\"https:\/\/keramikkhjornet.no\/#organization\"},\"potentialAction\":[{\"@type\":\"SearchAction\",\"target\":{\"@type\":\"EntryPoint\",\"urlTemplate\":\"https:\/\/keramikkhjornet.no\/?s={search_term_string}\"},\"query-input\":{\"@type\":\"PropertyValueSpecification\",\"valueRequired\":true,\"valueName\":\"search_term_string\"}}],\"inLanguage\":\"en-GB\"},{\"@type\":\"Organization\",\"@id\":\"https:\/\/keramikkhjornet.no\/#organization\",\"name\":\"KeramikkHj\u00f8rnet\",\"url\":\"https:\/\/keramikkhjornet.no\/\",\"logo\":{\"@type\":\"ImageObject\",\"inLanguage\":\"en-GB\",\"@id\":\"https:\/\/keramikkhjornet.no\/#\/schema\/logo\/image\/\",\"url\":\"https:\/\/keramikkhjornet.no\/wp-content\/uploads\/2024\/04\/Logo-v2-Website.png\",\"contentUrl\":\"https:\/\/keramikkhjornet.no\/wp-content\/uploads\/2024\/04\/Logo-v2-Website.png\",\"width\":1366,\"height\":768,\"caption\":\"KeramikkHj\u00f8rnet\"},\"image\":{\"@id\":\"https:\/\/keramikkhjornet.no\/#\/schema\/logo\/image\/\"},\"sameAs\":[\"https:\/\/www.facebook.com\/KeramikkHjornet\",\"https:\/\/www.instagram.com\/keramikkhjornet\"]}]}<\/script>\n<!-- \/ Yoast SEO plugin. -->","yoast_head_json":{"title":"Keramikkurs for barn | KeramikkHj\u00f8rnet","description":"Dette 3-timers kurset er perfekt for nybegynnere som \u00f8nsker \u00e5 pr\u00f8ve noe nytt og oppdage sine ferdigheter med leire.","robots":{"index":"index","follow":"follow","max-snippet":"max-snippet:-1","max-image-preview":"max-image-preview:large","max-video-preview":"max-video-preview:-1"},"canonical":"https:\/\/keramikkhjornet.no\/en\/keramikkurs-for-barn\/","og_locale":"en_GB","og_type":"article","og_title":"Keramikkurs for barn | KeramikkHj\u00f8rnet","og_description":"Dette 3-timers kurset er perfekt for nybegynnere som \u00f8nsker \u00e5 pr\u00f8ve noe nytt og oppdage sine ferdigheter med leire.","og_url":"https:\/\/keramikkhjornet.no\/en\/keramikkurs-for-barn\/","og_site_name":"KeramikkHj\u00f8rnet","article_publisher":"https:\/\/www.facebook.com\/KeramikkHjornet","article_modified_time":"2025-02-12T14:18:33+00:00","og_image":[{"width":1024,"height":1016,"url":"https:\/\/keramikkhjornet.no\/wp-content\/uploads\/2024\/04\/KH-gangen-1024x1016.png","type":"image\/png"}],"twitter_card":"summary_large_image","twitter_misc":{"Estimated reading time":"1 minute"},"schema":{"@context":"https:\/\/schema.org","@graph":[{"@type":"WebPage","@id":"https:\/\/keramikkhjornet.no\/keramikkurs-for-barn\/","url":"https:\/\/keramikkhjornet.no\/keramikkurs-for-barn\/","name":"Keramikkurs for barn | KeramikkHj\u00f8rnet","isPartOf":{"@id":"https:\/\/keramikkhjornet.no\/#website"},"datePublished":"2024-12-02T13:13:08+00:00","dateModified":"2025-02-12T14:18:33+00:00","description":"Dette 3-timers kurset er perfekt for nybegynnere som \u00f8nsker \u00e5 pr\u00f8ve noe nytt og oppdage sine ferdigheter med leire.","breadcrumb":{"@id":"https:\/\/keramikkhjornet.no\/keramikkurs-for-barn\/#breadcrumb"},"inLanguage":"en-GB","potentialAction":[{"@type":"ReadAction","target":["https:\/\/keramikkhjornet.no\/keramikkurs-for-barn\/"]}]},{"@type":"BreadcrumbList","@id":"https:\/\/keramikkhjornet.no\/keramikkurs-for-barn\/#breadcrumb","itemListElement":[{"@type":"ListItem","position":1,"name":"Home","item":"https:\/\/keramikkhjornet.no\/"},{"@type":"ListItem","position":2,"name":"Keramikkurs for barn"}]},{"@type":"WebSite","@id":"https:\/\/keramikkhjornet.no\/#website","url":"https:\/\/keramikkhjornet.no\/","name":"KeramikkHj\u00f8rnet","description":"keramikkverkstedet for alle","publisher":{"@id":"https:\/\/keramikkhjornet.no\/#organization"},"potentialAction":[{"@type":"SearchAction","target":{"@type":"EntryPoint","urlTemplate":"https:\/\/keramikkhjornet.no\/?s={search_term_string}"},"query-input":{"@type":"PropertyValueSpecification","valueRequired":true,"valueName":"search_term_string"}}],"inLanguage":"en-GB"},{"@type":"Organization","@id":"https:\/\/keramikkhjornet.no\/#organization","name":"KeramikkHj\u00f8rnet","url":"https:\/\/keramikkhjornet.no\/","logo":{"@type":"ImageObject","inLanguage":"en-GB","@id":"https:\/\/keramikkhjornet.no\/#\/schema\/logo\/image\/","url":"https:\/\/keramikkhjornet.no\/wp-content\/uploads\/2024\/04\/Logo-v2-Website.png","contentUrl":"https:\/\/keramikkhjornet.no\/wp-content\/uploads\/2024\/04\/Logo-v2-Website.png","width":1366,"height":768,"caption":"KeramikkHj\u00f8rnet"},"image":{"@id":"https:\/\/keramikkhjornet.no\/#\/schema\/logo\/image\/"},"sameAs":["https:\/\/www.facebook.com\/KeramikkHjornet","https:\/\/www.instagram.com\/keramikkhjornet"]}]}},"_links":{"self":[{"href":"https:\/\/keramikkhjornet.no\/en\/wp-json\/wp\/v2\/pages\/1945","targetHints":{"allow":["GET"]}}],"collection":[{"href":"https:\/\/keramikkhjornet.no\/en\/wp-json\/wp\/v2\/pages"}],"about":[{"href":"https:\/\/keramikkhjornet.no\/en\/wp-json\/wp\/v2\/types\/page"}],"author":[{"embeddable":true,"href":"https:\/\/keramikkhjornet.no\/en\/wp-json\/wp\/v2\/users\/1"}],"replies":[{"embeddable":true,"href":"https:\/\/keramikkhjornet.no\/en\/wp-json\/wp\/v2\/comments?post=1945"}],"version-history":[{"count":25,"href":"https:\/\/keramikkhjornet.no\/en\/wp-json\/wp\/v2\/pages\/1945\/revisions"}],"predecessor-version":[{"id":2060,"href":"https:\/\/keramikkhjornet.no\/en\/wp-json\/wp\/v2\/pages\/1945\/revisions\/2060"}],"wp:attachment":[{"href":"https:\/\/keramikkhjornet.no\/en\/wp-json\/wp\/v2\/media?parent=1945"}],"curies":[{"name":"wp","href":"https:\/\/api.w.org\/{rel}","templated":true}]}}