{"id":1108,"date":"2024-06-11T13:44:40","date_gmt":"2024-06-11T13:44:40","guid":{"rendered":"https:\/\/keramikkhjornet.no\/?page_id=1108"},"modified":"2025-11-21T10:22:28","modified_gmt":"2025-11-21T10:22:28","slug":"gavekort-for-provekurs","status":"publish","type":"page","link":"https:\/\/keramikkhjornet.no\/en\/gavekort-for-provekurs\/","title":{"rendered":"Gift card"},"content":{"rendered":"\t\t<div data-elementor-type=\"wp-page\" data-elementor-id=\"1108\" class=\"elementor elementor-1108\" data-elementor-post-type=\"page\">\n\t\t\t\t<div class=\"elementor-element elementor-element-0c25efe e-flex e-con-boxed e-con e-parent\" data-id=\"0c25efe\" data-element_type=\"container\" data-e-type=\"container\">\n\t\t\t\t\t<div class=\"e-con-inner\">\n\t\t\t\t<div class=\"elementor-element elementor-element-adb6f15 elementor-widget elementor-widget-spacer\" data-id=\"adb6f15\" data-element_type=\"widget\" data-e-type=\"widget\" data-widget_type=\"spacer.default\">\n\t\t\t\t<div class=\"elementor-widget-container\">\n\t\t\t\t\t\t\t<div class=\"elementor-spacer\">\n\t\t\t<div class=\"elementor-spacer-inner\"><\/div>\n\t\t<\/div>\n\t\t\t\t\t\t<\/div>\n\t\t\t\t<\/div>\n\t\t\t\t<div class=\"elementor-element elementor-element-89fcb77 elementor-widget elementor-widget-heading\" data-id=\"89fcb77\" data-element_type=\"widget\" data-e-type=\"widget\" data-widget_type=\"heading.default\">\n\t\t\t\t<div class=\"elementor-widget-container\">\n\t\t\t\t\t<h2 class=\"elementor-heading-title elementor-size-default\">gavekort for pr\u00f8vekurs<\/h2>\t\t\t\t<\/div>\n\t\t\t\t<\/div>\n\t\t\t\t\t<\/div>\n\t\t\t\t<\/div>\n\t\t<div class=\"elementor-element elementor-element-358b76f e-flex e-con-boxed e-con e-parent\" data-id=\"358b76f\" data-element_type=\"container\" data-e-type=\"container\">\n\t\t\t\t\t<div class=\"e-con-inner\">\n\t\t\t\t<div class=\"elementor-element elementor-element-887d8c5 elementor-widget elementor-widget-spacer\" data-id=\"887d8c5\" data-element_type=\"widget\" data-e-type=\"widget\" data-widget_type=\"spacer.default\">\n\t\t\t\t<div class=\"elementor-widget-container\">\n\t\t\t\t\t\t\t<div class=\"elementor-spacer\">\n\t\t\t<div class=\"elementor-spacer-inner\"><\/div>\n\t\t<\/div>\n\t\t\t\t\t\t<\/div>\n\t\t\t\t<\/div>\n\t\t\t\t\t<\/div>\n\t\t\t\t<\/div>\n\t\t<div class=\"elementor-element elementor-element-525d93b e-flex e-con-boxed e-con e-parent\" data-id=\"525d93b\" data-element_type=\"container\" data-e-type=\"container\">\n\t\t\t\t\t<div class=\"e-con-inner\">\n\t\t<div class=\"elementor-element elementor-element-b72bb82 e-con-full e-flex e-con e-child\" data-id=\"b72bb82\" data-element_type=\"container\" data-e-type=\"container\">\n\t\t\t\t<div class=\"elementor-element elementor-element-cca8dea elementor-widget__width-initial elementor-widget-tablet__width-initial elementor-widget elementor-widget-text-editor\" data-id=\"cca8dea\" data-element_type=\"widget\" data-e-type=\"widget\" data-widget_type=\"text-editor.default\">\n\t\t\t\t<div class=\"elementor-widget-container\">\n\t\t\t\t\t\t\t\t\t<p><span style=\"text-decoration: underline;\">Ikke tilgjengelig p\u00e5 grunn av begrensninger i kursplanen.<\/span><\/p><p>Gi en unik og morsom gave med et gavekort til v\u00e5rt 3-timers pr\u00f8vekurs i keramikk! Perfekt for venner eller familie som \u00f8nsker \u00e5 pr\u00f8ve noe nytt, oppdage sine ferdigheter med leire, og ha det g\u00f8y med \u00e5 utforske grunnleggende h\u00e5ndbyggingsteknikker.<\/p><p>Materialer og brennkostnader er inkludert i kursavgiften. Hvis mottakeren velger \u00e5 beholde arbeidet sitt, vil v\u00e5rt team glasere det med en gjennomsiktig glasur.<\/p><p>Kurset holdes p\u00e5 hverdagskvelder, og gavemottakeren kan velge blant tilgjengelige datoer ved \u00e5 kontakte oss. Gavekortet utl\u00f8per om 6 m\u00e5neder, s\u00e5 det er god tid til \u00e5 bruke det.<\/p><p><strong>Pris: 850 kr<\/strong><\/p><p>Bestill ditt gavekort i dag og gi noen en kreativ opplevelse!<\/p>\t\t\t\t\t\t\t\t<\/div>\n\t\t\t\t<\/div>\n\t\t\t\t<\/div>\n\t\t<div class=\"elementor-element elementor-element-3513e3a e-con-full e-flex e-con e-child\" data-id=\"3513e3a\" data-element_type=\"container\" data-e-type=\"container\">\n\t\t\t\t<div class=\"elementor-element elementor-element-c15d8dd elementor-button-align-start elementor-widget__width-initial elementor-widget-tablet__width-initial elementor-widget-mobile__width-initial elementor-hidden-desktop elementor-hidden-tablet elementor-hidden-mobile elementor-widget elementor-widget-form\" data-id=\"c15d8dd\" data-element_type=\"widget\" data-e-type=\"widget\" data-settings=\"{&quot;step_next_label&quot;:&quot;Next&quot;,&quot;step_previous_label&quot;:&quot;Previous&quot;,&quot;button_width&quot;:&quot;100&quot;,&quot;step_type&quot;:&quot;number_text&quot;,&quot;step_icon_shape&quot;:&quot;circle&quot;}\" data-widget_type=\"form.default\">\n\t\t\t\t<div class=\"elementor-widget-container\">\n\t\t\t\t\t\t\t<form class=\"elementor-form\" method=\"post\" id=\"gavekortet_form\" name=\"New Form\" aria-label=\"New Form\">\n\t\t\t<input type=\"hidden\" name=\"post_id\" value=\"1108\"\/>\n\t\t\t<input type=\"hidden\" name=\"form_id\" value=\"c15d8dd\"\/>\n\t\t\t<input type=\"hidden\" name=\"referer_title\" value=\"KeramikkHj\u00f8rnet\" \/>\n\n\t\t\t\n\t\t\t<div class=\"elementor-form-fields-wrapper elementor-labels-\">\n\t\t\t\t\t\t\t\t<div class=\"elementor-field-type-text elementor-field-group elementor-column elementor-field-group-name elementor-col-100 elementor-field-required\">\n\t\t\t\t\t\t\t\t\t\t\t\t<label for=\"form-field-name\" class=\"elementor-field-label elementor-screen-only\">\n\t\t\t\t\t\t\t\tName\t\t\t\t\t\t\t<\/label>\n\t\t\t\t\t\t\t\t\t\t\t\t\t\t<input size=\"1\" type=\"text\" name=\"form_fields[name]\" id=\"form-field-name\" class=\"elementor-field elementor-size-sm  elementor-field-textual\" placeholder=\"Gave Mottaker Navn\" required=\"required\">\n\t\t\t\t\t\t\t\t\t\t\t<\/div>\n\t\t\t\t\t\t\t\t<div class=\"elementor-field-type-text elementor-field-group elementor-column elementor-field-group-field_5ec6ebe elementor-col-100 elementor-field-required\">\n\t\t\t\t\t\t\t\t\t\t\t\t<label for=\"form-field-field_5ec6ebe\" class=\"elementor-field-label elementor-screen-only\">\n\t\t\t\t\t\t\t\tName\t\t\t\t\t\t\t<\/label>\n\t\t\t\t\t\t\t\t\t\t\t\t\t\t<input size=\"1\" type=\"text\" name=\"form_fields[field_5ec6ebe]\" id=\"form-field-field_5ec6ebe\" class=\"elementor-field elementor-size-sm  elementor-field-textual\" placeholder=\"Gavegiver Navn\" required=\"required\">\n\t\t\t\t\t\t\t\t\t\t\t<\/div>\n\t\t\t\t\t\t\t\t<div class=\"elementor-field-type-email elementor-field-group elementor-column elementor-field-group-email elementor-col-100 elementor-field-required\">\n\t\t\t\t\t\t\t\t\t\t\t\t<label for=\"form-field-email\" class=\"elementor-field-label elementor-screen-only\">\n\t\t\t\t\t\t\t\tEmail\t\t\t\t\t\t\t<\/label>\n\t\t\t\t\t\t\t\t\t\t\t\t\t\t<input size=\"1\" type=\"email\" name=\"form_fields[email]\" id=\"form-field-email\" class=\"elementor-field elementor-size-sm  elementor-field-textual\" placeholder=\"E-posten Din\" required=\"required\">\n\t\t\t\t\t\t\t\t\t\t\t<\/div>\n\t\t\t\t\t\t\t\t<div class=\"elementor-field-type-number elementor-field-group elementor-column elementor-field-group-field_e898314 elementor-col-100 elementor-field-required\">\n\t\t\t\t\t\t\t\t\t\t\t\t<label for=\"form-field-field_e898314\" class=\"elementor-field-label elementor-screen-only\">\n\t\t\t\t\t\t\t\tPhone number\t\t\t\t\t\t\t<\/label>\n\t\t\t\t\t\t\t\t\t<input type=\"number\" name=\"form_fields[field_e898314]\" id=\"form-field-field_e898314\" class=\"elementor-field elementor-size-sm  elementor-field-textual\" placeholder=\"Telefonnummer\" required=\"required\" min=\"\" max=\"\" >\n\t\t\t\t\t\t<\/div>\n\t\t\t\t\t\t\t\t<div class=\"elementor-field-type-textarea elementor-field-group elementor-column elementor-field-group-message elementor-col-100\">\n\t\t\t\t\t\t\t\t\t\t\t\t<label for=\"form-field-message\" class=\"elementor-field-label elementor-screen-only\">\n\t\t\t\t\t\t\t\tMessage\t\t\t\t\t\t\t<\/label>\n\t\t\t\t\t\t<textarea class=\"elementor-field-textual elementor-field  elementor-size-sm\" name=\"form_fields[message]\" id=\"form-field-message\" rows=\"4\" placeholder=\"Sp\u00f8r et sp\u00f8rsm\u00e5l\"><\/textarea>\t\t\t\t<\/div>\n\t\t\t\t\t\t\t\t<div class=\"elementor-field-group elementor-column elementor-field-type-submit elementor-col-100 e-form__buttons\">\n\t\t\t\t\t<button class=\"elementor-button elementor-size-sm\" type=\"submit\">\n\t\t\t\t\t\t<span class=\"elementor-button-content-wrapper\">\n\t\t\t\t\t\t\t\t\t\t\t\t\t\t\t\t\t\t\t\t\t\t<span class=\"elementor-button-text\">Bestill<\/span>\n\t\t\t\t\t\t\t\t\t\t\t\t\t<\/span>\n\t\t\t\t\t<\/button>\n\t\t\t\t<\/div>\n\t\t\t<\/div>\n\t\t<\/form>\n\t\t\t\t\t\t<\/div>\n\t\t\t\t<\/div>\n\t\t\t\t<\/div>\n\t\t\t\t\t<\/div>\n\t\t\t\t<\/div>\n\t\t<div class=\"elementor-element elementor-element-ac0500f e-flex e-con-boxed e-con e-parent\" data-id=\"ac0500f\" data-element_type=\"container\" data-e-type=\"container\">\n\t\t\t\t\t<div class=\"e-con-inner\">\n\t\t\t\t<div class=\"elementor-element elementor-element-fb9187b elementor-widget elementor-widget-spacer\" data-id=\"fb9187b\" data-element_type=\"widget\" data-e-type=\"widget\" data-widget_type=\"spacer.default\">\n\t\t\t\t<div class=\"elementor-widget-container\">\n\t\t\t\t\t\t\t<div class=\"elementor-spacer\">\n\t\t\t<div class=\"elementor-spacer-inner\"><\/div>\n\t\t<\/div>\n\t\t\t\t\t\t<\/div>\n\t\t\t\t<\/div>\n\t\t\t\t\t<\/div>\n\t\t\t\t<\/div>\n\t\t\t\t<\/div>\n\t\t","protected":false},"excerpt":{"rendered":"<p>gavekort for pr\u00f8vekurs Ikke tilgjengelig p\u00e5 grunn av begrensninger i kursplanen. Gi en unik og morsom gave med et gavekort til v\u00e5rt 3-timers pr\u00f8vekurs i keramikk! Perfekt for venner eller familie som \u00f8nsker \u00e5 pr\u00f8ve noe nytt, oppdage sine ferdigheter med leire, og ha det g\u00f8y med \u00e5 utforske grunnleggende h\u00e5ndbyggingsteknikker. Materialer og brennkostnader er [&hellip;]<\/p>\n","protected":false},"author":1,"featured_media":0,"parent":0,"menu_order":0,"comment_status":"closed","ping_status":"closed","template":"","meta":{"footnotes":""},"class_list":["post-1108","page","type-page","status-publish","hentry"],"yoast_head":"<!-- This site is optimized with the Yoast SEO plugin v25.9 - https:\/\/yoast.com\/wordpress\/plugins\/seo\/ -->\n<title>Gavekort for pr\u00f8vekurs | KeramikkHj\u00f8rnet<\/title>\n<meta name=\"description\" content=\"Kj\u00f8p et gavekort til v\u00e5rt pr\u00f8vekurs i keramikk! Perfekt gave til venner eller familie som vil utforske sin kreativitet og l\u00e6re \u00e5 jobbe med keramikk\" \/>\n<meta name=\"robots\" content=\"index, follow, max-snippet:-1, max-image-preview:large, max-video-preview:-1\" \/>\n<link rel=\"canonical\" href=\"https:\/\/keramikkhjornet.no\/en\/gavekort-for-provekurs\/\" \/>\n<meta property=\"og:locale\" content=\"en_GB\" \/>\n<meta property=\"og:type\" content=\"article\" \/>\n<meta property=\"og:title\" content=\"Gavekort for pr\u00f8vekurs | KeramikkHj\u00f8rnet\" \/>\n<meta property=\"og:description\" content=\"Kj\u00f8p et gavekort til v\u00e5rt pr\u00f8vekurs i keramikk! Perfekt gave til venner eller familie som vil utforske sin kreativitet og l\u00e6re \u00e5 jobbe med keramikk\" \/>\n<meta property=\"og:url\" content=\"https:\/\/keramikkhjornet.no\/en\/gavekort-for-provekurs\/\" \/>\n<meta property=\"og:site_name\" content=\"KeramikkHj\u00f8rnet\" \/>\n<meta property=\"article:publisher\" content=\"https:\/\/www.facebook.com\/KeramikkHjornet\" \/>\n<meta property=\"article:modified_time\" content=\"2025-11-21T10:22:28+00:00\" \/>\n<meta property=\"og:image\" content=\"https:\/\/keramikkhjornet.no\/wp-content\/uploads\/2024\/04\/KH-gangen-1024x1016.png\" \/>\n\t<meta property=\"og:image:width\" content=\"1024\" \/>\n\t<meta property=\"og:image:height\" content=\"1016\" \/>\n\t<meta property=\"og:image:type\" content=\"image\/png\" \/>\n<meta name=\"twitter:card\" content=\"summary_large_image\" \/>\n<meta name=\"twitter:label1\" content=\"Estimated reading time\" \/>\n\t<meta name=\"twitter:data1\" content=\"1 minute\" \/>\n<script type=\"application\/ld+json\" class=\"yoast-schema-graph\">{\"@context\":\"https:\/\/schema.org\",\"@graph\":[{\"@type\":\"WebPage\",\"@id\":\"https:\/\/keramikkhjornet.no\/gavekort-for-provekurs\/\",\"url\":\"https:\/\/keramikkhjornet.no\/gavekort-for-provekurs\/\",\"name\":\"Gavekort for pr\u00f8vekurs | KeramikkHj\u00f8rnet\",\"isPartOf\":{\"@id\":\"https:\/\/keramikkhjornet.no\/#website\"},\"datePublished\":\"2024-06-11T13:44:40+00:00\",\"dateModified\":\"2025-11-21T10:22:28+00:00\",\"description\":\"Kj\u00f8p et gavekort til v\u00e5rt pr\u00f8vekurs i keramikk! Perfekt gave til venner eller familie som vil utforske sin kreativitet og l\u00e6re \u00e5 jobbe med keramikk\",\"breadcrumb\":{\"@id\":\"https:\/\/keramikkhjornet.no\/gavekort-for-provekurs\/#breadcrumb\"},\"inLanguage\":\"en-GB\",\"potentialAction\":[{\"@type\":\"ReadAction\",\"target\":[\"https:\/\/keramikkhjornet.no\/gavekort-for-provekurs\/\"]}]},{\"@type\":\"BreadcrumbList\",\"@id\":\"https:\/\/keramikkhjornet.no\/gavekort-for-provekurs\/#breadcrumb\",\"itemListElement\":[{\"@type\":\"ListItem\",\"position\":1,\"name\":\"Home\",\"item\":\"https:\/\/keramikkhjornet.no\/\"},{\"@type\":\"ListItem\",\"position\":2,\"name\":\"Gavekort for pr\u00f8vekurs\"}]},{\"@type\":\"WebSite\",\"@id\":\"https:\/\/keramikkhjornet.no\/#website\",\"url\":\"https:\/\/keramikkhjornet.no\/\",\"name\":\"KeramikkHj\u00f8rnet\",\"description\":\"keramikkverkstedet for alle\",\"publisher\":{\"@id\":\"https:\/\/keramikkhjornet.no\/#organization\"},\"potentialAction\":[{\"@type\":\"SearchAction\",\"target\":{\"@type\":\"EntryPoint\",\"urlTemplate\":\"https:\/\/keramikkhjornet.no\/?s={search_term_string}\"},\"query-input\":{\"@type\":\"PropertyValueSpecification\",\"valueRequired\":true,\"valueName\":\"search_term_string\"}}],\"inLanguage\":\"en-GB\"},{\"@type\":\"Organization\",\"@id\":\"https:\/\/keramikkhjornet.no\/#organization\",\"name\":\"KeramikkHj\u00f8rnet\",\"url\":\"https:\/\/keramikkhjornet.no\/\",\"logo\":{\"@type\":\"ImageObject\",\"inLanguage\":\"en-GB\",\"@id\":\"https:\/\/keramikkhjornet.no\/#\/schema\/logo\/image\/\",\"url\":\"https:\/\/keramikkhjornet.no\/wp-content\/uploads\/2024\/04\/Logo-v2-Website.png\",\"contentUrl\":\"https:\/\/keramikkhjornet.no\/wp-content\/uploads\/2024\/04\/Logo-v2-Website.png\",\"width\":1366,\"height\":768,\"caption\":\"KeramikkHj\u00f8rnet\"},\"image\":{\"@id\":\"https:\/\/keramikkhjornet.no\/#\/schema\/logo\/image\/\"},\"sameAs\":[\"https:\/\/www.facebook.com\/KeramikkHjornet\",\"https:\/\/www.instagram.com\/keramikkhjornet\"]}]}<\/script>\n<!-- \/ Yoast SEO plugin. -->","yoast_head_json":{"title":"Gavekort for pr\u00f8vekurs | KeramikkHj\u00f8rnet","description":"Kj\u00f8p et gavekort til v\u00e5rt pr\u00f8vekurs i keramikk! Perfekt gave til venner eller familie som vil utforske sin kreativitet og l\u00e6re \u00e5 jobbe med keramikk","robots":{"index":"index","follow":"follow","max-snippet":"max-snippet:-1","max-image-preview":"max-image-preview:large","max-video-preview":"max-video-preview:-1"},"canonical":"https:\/\/keramikkhjornet.no\/en\/gavekort-for-provekurs\/","og_locale":"en_GB","og_type":"article","og_title":"Gavekort for pr\u00f8vekurs | KeramikkHj\u00f8rnet","og_description":"Kj\u00f8p et gavekort til v\u00e5rt pr\u00f8vekurs i keramikk! Perfekt gave til venner eller familie som vil utforske sin kreativitet og l\u00e6re \u00e5 jobbe med keramikk","og_url":"https:\/\/keramikkhjornet.no\/en\/gavekort-for-provekurs\/","og_site_name":"KeramikkHj\u00f8rnet","article_publisher":"https:\/\/www.facebook.com\/KeramikkHjornet","article_modified_time":"2025-11-21T10:22:28+00:00","og_image":[{"width":1024,"height":1016,"url":"https:\/\/keramikkhjornet.no\/wp-content\/uploads\/2024\/04\/KH-gangen-1024x1016.png","type":"image\/png"}],"twitter_card":"summary_large_image","twitter_misc":{"Estimated reading time":"1 minute"},"schema":{"@context":"https:\/\/schema.org","@graph":[{"@type":"WebPage","@id":"https:\/\/keramikkhjornet.no\/gavekort-for-provekurs\/","url":"https:\/\/keramikkhjornet.no\/gavekort-for-provekurs\/","name":"Gavekort for pr\u00f8vekurs | KeramikkHj\u00f8rnet","isPartOf":{"@id":"https:\/\/keramikkhjornet.no\/#website"},"datePublished":"2024-06-11T13:44:40+00:00","dateModified":"2025-11-21T10:22:28+00:00","description":"Kj\u00f8p et gavekort til v\u00e5rt pr\u00f8vekurs i keramikk! Perfekt gave til venner eller familie som vil utforske sin kreativitet og l\u00e6re \u00e5 jobbe med keramikk","breadcrumb":{"@id":"https:\/\/keramikkhjornet.no\/gavekort-for-provekurs\/#breadcrumb"},"inLanguage":"en-GB","potentialAction":[{"@type":"ReadAction","target":["https:\/\/keramikkhjornet.no\/gavekort-for-provekurs\/"]}]},{"@type":"BreadcrumbList","@id":"https:\/\/keramikkhjornet.no\/gavekort-for-provekurs\/#breadcrumb","itemListElement":[{"@type":"ListItem","position":1,"name":"Home","item":"https:\/\/keramikkhjornet.no\/"},{"@type":"ListItem","position":2,"name":"Gavekort for pr\u00f8vekurs"}]},{"@type":"WebSite","@id":"https:\/\/keramikkhjornet.no\/#website","url":"https:\/\/keramikkhjornet.no\/","name":"KeramikkHj\u00f8rnet","description":"keramikkverkstedet for alle","publisher":{"@id":"https:\/\/keramikkhjornet.no\/#organization"},"potentialAction":[{"@type":"SearchAction","target":{"@type":"EntryPoint","urlTemplate":"https:\/\/keramikkhjornet.no\/?s={search_term_string}"},"query-input":{"@type":"PropertyValueSpecification","valueRequired":true,"valueName":"search_term_string"}}],"inLanguage":"en-GB"},{"@type":"Organization","@id":"https:\/\/keramikkhjornet.no\/#organization","name":"KeramikkHj\u00f8rnet","url":"https:\/\/keramikkhjornet.no\/","logo":{"@type":"ImageObject","inLanguage":"en-GB","@id":"https:\/\/keramikkhjornet.no\/#\/schema\/logo\/image\/","url":"https:\/\/keramikkhjornet.no\/wp-content\/uploads\/2024\/04\/Logo-v2-Website.png","contentUrl":"https:\/\/keramikkhjornet.no\/wp-content\/uploads\/2024\/04\/Logo-v2-Website.png","width":1366,"height":768,"caption":"KeramikkHj\u00f8rnet"},"image":{"@id":"https:\/\/keramikkhjornet.no\/#\/schema\/logo\/image\/"},"sameAs":["https:\/\/www.facebook.com\/KeramikkHjornet","https:\/\/www.instagram.com\/keramikkhjornet"]}]}},"_links":{"self":[{"href":"https:\/\/keramikkhjornet.no\/en\/wp-json\/wp\/v2\/pages\/1108","targetHints":{"allow":["GET"]}}],"collection":[{"href":"https:\/\/keramikkhjornet.no\/en\/wp-json\/wp\/v2\/pages"}],"about":[{"href":"https:\/\/keramikkhjornet.no\/en\/wp-json\/wp\/v2\/types\/page"}],"author":[{"embeddable":true,"href":"https:\/\/keramikkhjornet.no\/en\/wp-json\/wp\/v2\/users\/1"}],"replies":[{"embeddable":true,"href":"https:\/\/keramikkhjornet.no\/en\/wp-json\/wp\/v2\/comments?post=1108"}],"version-history":[{"count":25,"href":"https:\/\/keramikkhjornet.no\/en\/wp-json\/wp\/v2\/pages\/1108\/revisions"}],"predecessor-version":[{"id":2311,"href":"https:\/\/keramikkhjornet.no\/en\/wp-json\/wp\/v2\/pages\/1108\/revisions\/2311"}],"wp:attachment":[{"href":"https:\/\/keramikkhjornet.no\/en\/wp-json\/wp\/v2\/media?parent=1108"}],"curies":[{"name":"wp","href":"https:\/\/api.w.org\/{rel}","templated":true}]}}